{"id":1167,"date":"2024-04-04T13:33:38","date_gmt":"2024-04-04T11:33:38","guid":{"rendered":"http:\/\/www.kriesi.at\/themes\/enfold\/?page_id=1167"},"modified":"2024-11-21T22:28:43","modified_gmt":"2024-11-21T21:28:43","slug":"contacto","status":"publish","type":"page","link":"https:\/\/www.planetamaxico.com\/gl\/contacto\/","title":{"rendered":"Contacto"},"content":{"rendered":"\n<style type=\"text\/css\" data-created_by=\"avia_inline_auto\" id=\"style-css-av-258l7j-870e2977ca0af85cf861c6da7f42f641\">\n.avia-section.av-258l7j-870e2977ca0af85cf861c6da7f42f641{\nbackground-color:#f8f8f8;\nbackground-image:unset;\n}\n<\/style>\n<div id='av_section_1'  class='avia-section av-258l7j-870e2977ca0af85cf861c6da7f42f641 main_color avia-section-default avia-no-border-styling  avia-builder-el-0  el_before_av_section  avia-builder-el-first  avia-bg-style-scroll container_wrap sidebar_right'  ><div class='container av-section-cont-open' ><main  role=\"main\" itemprop=\"mainContentOfPage\"  class='template-page content  av-content-small alpha units'><div class='post-entry post-entry-type-page post-entry-1167'><div class='entry-content-wrapper clearfix'>\n\n<style type=\"text\/css\" data-created_by=\"avia_inline_auto\" id=\"style-css-av-m23nqeu2-642b2f19ade08218a5514c8eaa85c65b\">\n#top .av-special-heading.av-m23nqeu2-642b2f19ade08218a5514c8eaa85c65b{\npadding-bottom:10px;\ncolor:#a2825c;\n}\nbody .av-special-heading.av-m23nqeu2-642b2f19ade08218a5514c8eaa85c65b .av-special-heading-tag .heading-char{\nfont-size:25px;\n}\n.av-special-heading.av-m23nqeu2-642b2f19ade08218a5514c8eaa85c65b .special-heading-inner-border{\nborder-color:#a2825c;\n}\n.av-special-heading.av-m23nqeu2-642b2f19ade08218a5514c8eaa85c65b .av-subheading{\nfont-size:10px;\n}\n<\/style>\n<div  class='av-special-heading av-m23nqeu2-642b2f19ade08218a5514c8eaa85c65b av-special-heading-h1 custom-color-heading blockquote modern-quote  avia-builder-el-1  avia-builder-el-no-sibling '><h1 class='av-special-heading-tag '  itemprop=\"headline\"  >Contacto<\/h1><div class=\"special-heading-border\"><div class=\"special-heading-inner-border\"><\/div><\/div><\/div>\n\n<\/div><\/div><\/main><!-- close content main element --><\/div><\/div><div id='av_section_2'  class='avia-section av-6j6oa7-61911f64525a020c6890ec3346f24477 main_color avia-section-small avia-no-border-styling  avia-builder-el-2  el_after_av_section  el_before_av_section  avia-bg-style-scroll container_wrap sidebar_right'  ><div class='container av-section-cont-open' ><div class='template-page content  av-content-small alpha units'><div class='post-entry post-entry-type-page post-entry-1167'><div class='entry-content-wrapper clearfix'>\n\n<style type=\"text\/css\" data-created_by=\"avia_inline_auto\" id=\"style-css-av-4jq89b-6b90a33f42a4ff3f9a4f9e1b601ee578\">\n.flex_column.av-4jq89b-6b90a33f42a4ff3f9a4f9e1b601ee578{\nborder-radius:0px 0px 0px 0px;\npadding:0px 0px 0px 0px;\n}\n<\/style>\n<div  class='flex_column av-4jq89b-6b90a33f42a4ff3f9a4f9e1b601ee578 av_one_full  avia-builder-el-3  avia-builder-el-no-sibling  first flex_column_div av-zero-column-padding  '     ><section  class='av_textblock_section av-2b9pkf-b8497624dcbb712931ea95f24b42bbde '   itemscope=\"itemscope\" itemtype=\"https:\/\/schema.org\/CreativeWork\" ><div class='avia_textblock'  itemprop=\"text\" ><div class=\"flex max-w-full flex-col flex-grow\">\n<div class=\"min-h-8 text-message flex w-full flex-col items-end gap-2 whitespace-normal break-words &#091;.text-message+&amp;&#093;:mt-5\" dir=\"auto\" data-message-author-role=\"assistant\" data-message-id=\"a9364425-09fb-4747-948f-9e8eb4d843bd\">\n<div class=\"flex w-full flex-col gap-1 empty:hidden first:pt-&#091;3px&#093;\">\n<div class=\"markdown prose w-full break-words dark:prose-invert light\">\n<p>O noso proxecto naceu coa intenci\u00f3n de ofrecer un espazo de entretemento e diversi\u00f3n para os pequenos, onde os pais tam\u00e9n puidesen participar. Dende 2007, brindamos un lugar seguro e confortable para celebrar festas e gozar de horas de xogo, buscando a felicidade dos nenos e a tranquilidade dos adultos.<\/p>\n<p>Durante este tempo, traballamos en ofrecer as mellores soluci\u00f3ns de lecer, seguindo as \u00faltimas tendencias e escoitando aos nosos clientes. O noso obxectivo \u00e9 que o parque sexa un referente para calquera evento, formando parte das vidas das familias que nos acompa\u00f1aron ao longo dos anos.<\/p>\n<p>Contamos cun equipo profesional, especializado e cercano, sempre pendente dos pequenos e disposto a garantir a s\u00faa seguridade e diversi\u00f3n. Ademais, colaboramos con provedores locais para ofrecer produtos e servizos de calidade ao mellor prezo.<\/p>\n<p>Cada ano melloramos a nosa oferta, engadindo novas atracci\u00f3ns, men\u00fas e servizos, coa meta de satisfacer a grandes e pequenos. Para n\u00f3s, a maior recompensa \u00e9 que os nosos clientes gocen da s\u00faa experiencia en Planeta M\u00e1xico.<\/p>\n<p>O parque conta con tobog\u00e1ns, inchables xigantes, piscinas de b\u00f3las e m\u00e1is, todo dese\u00f1ado por especialistas e cumprindo coa normativa europea de seguridade m\u00e1is esixente.<\/p>\n<\/div>\n<\/div>\n<\/div>\n<\/div>\n<div class=\"mb-2 flex gap-3 empty:hidden -ml-2\">\n<div class=\"items-center justify-start rounded-xl p-1 flex\">\n<div class=\"flex items-center\"><\/div>\n<\/div>\n<\/div>\n<\/div><\/section><\/div>\n\n<\/div><\/div><\/div><!-- close content main div --><\/div><\/div>\n<style type=\"text\/css\" data-created_by=\"avia_inline_auto\" id=\"style-css-av-3xjejj-ca5a52d832c8ebf50b50d33ca3a9cc7e\">\n.avia-section.av-3xjejj-ca5a52d832c8ebf50b50d33ca3a9cc7e{\nbackground-color:#f8f8f8;\nbackground-image:unset;\n}\n<\/style>\n<div id='av_section_3'  class='avia-section av-3xjejj-ca5a52d832c8ebf50b50d33ca3a9cc7e main_color avia-section-default avia-no-border-styling  avia-builder-el-5  el_after_av_section  el_before_av_section  avia-bg-style-scroll container_wrap sidebar_right'  ><div class='container av-section-cont-open' ><div class='template-page content  av-content-small alpha units'><div class='post-entry post-entry-type-page post-entry-1167'><div class='entry-content-wrapper clearfix'>\n\n<style type=\"text\/css\" data-created_by=\"avia_inline_auto\" id=\"style-css-av-2ltxu7-7274a01e6c637e0be9a277e4dd037afe\">\n#top .av-special-heading.av-2ltxu7-7274a01e6c637e0be9a277e4dd037afe{\npadding-bottom:10px;\ncolor:#a2825c;\n}\nbody .av-special-heading.av-2ltxu7-7274a01e6c637e0be9a277e4dd037afe .av-special-heading-tag .heading-char{\nfont-size:25px;\n}\n.av-special-heading.av-2ltxu7-7274a01e6c637e0be9a277e4dd037afe .special-heading-inner-border{\nborder-color:#a2825c;\n}\n.av-special-heading.av-2ltxu7-7274a01e6c637e0be9a277e4dd037afe .av-subheading{\nfont-size:10px;\n}\n<\/style>\n<div  class='av-special-heading av-2ltxu7-7274a01e6c637e0be9a277e4dd037afe av-special-heading-h2 custom-color-heading blockquote modern-quote  avia-builder-el-6  avia-builder-el-no-sibling '><h2 class='av-special-heading-tag '  itemprop=\"headline\"  >D\u00f3nde Estamos<\/h2><div class=\"special-heading-border\"><div class=\"special-heading-inner-border\"><\/div><\/div><\/div>\n\n<\/div><\/div><\/div><!-- close content main div --><\/div><\/div>\n<style type=\"text\/css\" data-created_by=\"avia_inline_auto\" id=\"style-css-av-m0zh8f-f76e438586a321c8e41fd87983900c75\">\n.avia-section.av-m0zh8f-f76e438586a321c8e41fd87983900c75{\nbackground-color:#698999;\nbackground-image:unset;\n}\n<\/style>\n<div id='av_section_4'  class='avia-section av-m0zh8f-f76e438586a321c8e41fd87983900c75 main_color avia-section-default avia-no-border-styling  avia-builder-el-7  el_after_av_section  el_before_av_section  avia-bg-style-scroll container_wrap sidebar_right'  ><div class='container av-section-cont-open' ><div class='template-page content  av-content-small alpha units'><div class='post-entry post-entry-type-page post-entry-1167'><div class='entry-content-wrapper clearfix'>\n<div class='flex_column_table av-20yp33-7c628ba861c725644886db936fe46991 sc-av_one_half av-equal-height-column-flextable'>\n<style type=\"text\/css\" data-created_by=\"avia_inline_auto\" id=\"style-css-av-20yp33-7c628ba861c725644886db936fe46991\">\n.flex_column.av-20yp33-7c628ba861c725644886db936fe46991{\nborder-radius:0px 0px 0px 0px;\npadding:0px 0px 0px 0px;\n}\n<\/style>\n<div  class='flex_column av-20yp33-7c628ba861c725644886db936fe46991 av_one_half  avia-builder-el-8  el_before_av_one_half  avia-builder-el-first  first flex_column_table_cell av-equal-height-column av-align-middle av-zero-column-padding  '     ><div  class='av_gmaps_sc_main_wrap av_gmaps_main_wrap '><div id='av_gmap_0' class='avia-google-map-container avia-google-map-sc av_gmaps_show_unconditionally av-no-fallback-img ' data-mapid='av_gmap_0'  style='height: 400px;'><a class=\"av_gmaps_browser_disabled av_text_confirm_link av_text_confirm_link_visible\" href=\"https:\/\/www.google.com\/maps\/search\/?api=1&#038;query=r\u00faa%20hedras,%2046%20%20milladoiro%20a%20coru\u00f1a%20espa\u00f1a\" target=\"_blank\">Maps were disabled by the visitor on this site. Click to open the map in a new window.<\/a><\/div><\/div><\/div><div class='av-flex-placeholder'><\/div><div  class='flex_column av-c9l0kf-3237abf46e854ff9b83cb4201c6a4492 av_one_half  avia-builder-el-10  el_after_av_one_half  avia-builder-el-last  flex_column_table_cell av-equal-height-column av-align-middle  '     ><p><section  class='av_textblock_section av-11lrgv-a187d72c4587fdb61d27e3abaa9a72a3 '   itemscope=\"itemscope\" itemtype=\"https:\/\/schema.org\/CreativeWork\" ><div class='avia_textblock'  itemprop=\"text\" ><p>P\u00f3dese po\u00f1er en contacto connosco enchendo este pequeno formulario ou cham\u00e1ndo ao tel\u00e9fono 606 433 501<\/p>\n<\/div><\/section><br \/>\n<form action=\"https:\/\/www.planetamaxico.com\/gl\/contacto\/\" method=\"post\" data-fields-with-error=\"Found errors in the following field(s):\" class=\"avia_ajax_form av-form-labels-visible   avia-builder-el-12  el_after_av_textblock  avia-builder-el-last  av-centered-form   \" data-avia-form-id=\"1\" data-avia-redirect='' ><fieldset><p class='  first_form  form_element form_element_half' id='element_avia_1_1'><label for=\"avia_1_1\">Nome <abbr class=\"required\" title=\"required\">*<\/abbr><\/label> <input name=\"avia_1_1\" class=\"text_input is_empty\" type=\"text\" id=\"avia_1_1\" value=\"\" \/><\/p><p class='  form_element form_element_half' id='element_avia_2_1'><label for=\"avia_2_1\">E-Mail <abbr class=\"required\" title=\"required\">*<\/abbr><\/label> <input name=\"avia_2_1\" class=\"text_input is_email\" type=\"text\" id=\"avia_2_1\" value=\"\" \/><\/p><p class='  first_form  form_element form_fullwidth' id='element_avia_3_1'><label for=\"avia_3_1\">Asunto <abbr class=\"required\" title=\"required\">*<\/abbr><\/label> <input name=\"avia_3_1\" class=\"text_input is_empty\" type=\"text\" id=\"avia_3_1\" value=\"\" \/><\/p><p class='  first_form  form_element form_fullwidth' id='element_avia_4_1'><label for=\"avia_4_1\" class=\"textare_label hidden textare_label_avia_4_1\">Mensaxe <abbr class=\"required\" title=\"required\">*<\/abbr><\/label><textarea  name=\"avia_4_1\" class=\"text_area is_empty\" cols=\"40\" rows=\"7\" id=\"avia_4_1\" ><\/textarea><\/p><p class=\"hidden\"><input type=\"text\" name=\"avia_5_1\" class=\"hidden \" id=\"avia_5_1\" value=\"\" \/><\/p><div id='avia_6_1' class='av-recaptcha-area  first_form  form_element form_fullwidth '  data-container_class=\"\" data-custom_class=\"\" data-context=\"av_contact_form\" data-token_input=\"av_recaptcha_token\" data-version=\"avia_recaptcha_v3\" data-theme=\"light\" data-size=\"normal\" data-score=\"0.5\" data-text_to_preview=\"\" data-value=\"\"><div class=\"av-google-badge-message hidden\">This site is protected by reCAPTCHA and the Google <a href=\"https:\/\/policies.google.com\/privacy\" target=\"_blank\" rel=\"noopener noreferrer\">Privacy Policy<\/a> and <a href=\"https:\/\/policies.google.com\/terms\" target=\"_blank\" rel=\"noopener noreferrer\">Terms of Service<\/a> apply.<\/div><\/div><p class=\"form_element \"><input type=\"hidden\" value=\"1\" name=\"avia_generated_form1\" \/><input type=\"submit\" value=\"Enviar\" class=\"button\"  data-sending-label=\"Sending\"\/><\/p><\/fieldset><div class=\"avia-disabled-form\">This contact form is deactivated because you refused to accept Google reCaptcha service which is necessary to validate any messages sent by the form.<\/div><\/form><div id=\"ajaxresponse_1\" class=\"ajaxresponse ajaxresponse_1 hidden\"><\/div><\/p><\/div><\/div><!--close column table wrapper. Autoclose: 1 -->\n\n<\/div><\/div><\/div><!-- close content main div --><\/div><\/div>\n<style type=\"text\/css\" data-created_by=\"avia_inline_auto\" id=\"style-css-av-3awxjz-e7267f2e61564d55ebf4f256766393dd\">\n.avia-section.av-3awxjz-e7267f2e61564d55ebf4f256766393dd{\nbackground-color:#f8f8f8;\nbackground-image:unset;\n}\n<\/style>\n<div id='av_section_5'  class='avia-section av-3awxjz-e7267f2e61564d55ebf4f256766393dd main_color avia-section-default avia-no-border-styling  avia-builder-el-13  el_after_av_section  el_before_av_section  avia-bg-style-scroll container_wrap sidebar_right'  ><div class='container av-section-cont-open' ><div class='template-page content  av-content-small alpha units'><div class='post-entry post-entry-type-page post-entry-1167'><div class='entry-content-wrapper clearfix'>\n\n<style type=\"text\/css\" data-created_by=\"avia_inline_auto\" id=\"style-css-av-m23nlh7x-a77c4afcb7939441eb718918e2b691d0\">\n#top .av-special-heading.av-m23nlh7x-a77c4afcb7939441eb718918e2b691d0{\npadding-bottom:10px;\ncolor:#a2825c;\n}\nbody .av-special-heading.av-m23nlh7x-a77c4afcb7939441eb718918e2b691d0 .av-special-heading-tag .heading-char{\nfont-size:25px;\n}\n.av-special-heading.av-m23nlh7x-a77c4afcb7939441eb718918e2b691d0 .special-heading-inner-border{\nborder-color:#a2825c;\n}\n.av-special-heading.av-m23nlh7x-a77c4afcb7939441eb718918e2b691d0 .av-subheading{\nfont-size:10px;\n}\n<\/style>\n<div  class='av-special-heading av-m23nlh7x-a77c4afcb7939441eb718918e2b691d0 av-special-heading-h2 custom-color-heading blockquote modern-quote  avia-builder-el-14  avia-builder-el-no-sibling '><h2 class='av-special-heading-tag '  itemprop=\"headline\"  >Horario de apertura<\/h2><div class=\"special-heading-border\"><div class=\"special-heading-inner-border\"><\/div><\/div><\/div>\n\n<\/div><\/div><\/div><!-- close content main div --><\/div><\/div><div id='av_section_6'  class='avia-section av-5fb9wf-ecec462dde8ade66028f4203809bccd7 main_color avia-section-default avia-no-border-styling  avia-builder-el-15  el_after_av_section  avia-builder-el-last  avia-bg-style-scroll container_wrap sidebar_right'  ><div class='container av-section-cont-open' ><div class='template-page content  av-content-small alpha units'><div class='post-entry post-entry-type-page post-entry-1167'><div class='entry-content-wrapper clearfix'>\n<div  class='flex_column av-3iq50f-26d49c1c2f3f54f0d7a2c5a81cc2f105 av_one_half  avia-builder-el-16  el_before_av_one_half  avia-builder-el-first  first flex_column_div  '     ><style type=\"text\/css\" data-created_by=\"avia_inline_auto\" id=\"style-css-av-w95xq7-3919eac9eb6068adc4f48b623af77bb4\">\n.avia-image-container.av-w95xq7-3919eac9eb6068adc4f48b623af77bb4 img.avia_image{\nbox-shadow:none;\n}\n.avia-image-container.av-w95xq7-3919eac9eb6068adc4f48b623af77bb4 .av-image-caption-overlay-center{\ncolor:#ffffff;\n}\n<\/style>\n<div  class='avia-image-container av-w95xq7-3919eac9eb6068adc4f48b623af77bb4 av-styling- avia-align-center  avia-builder-el-17  avia-builder-el-no-sibling '   itemprop=\"image\" itemscope=\"itemscope\" itemtype=\"https:\/\/schema.org\/ImageObject\" ><div class=\"avia-image-container-inner\"><div class=\"avia-image-overlay-wrap\"><img decoding=\"async\" fetchpriority=\"high\" class='wp-image-3553 avia-img-lazy-loading-not-3553 avia_image ' src=\"https:\/\/www.planetamaxico.com\/wp-content\/uploads\/2013\/04\/icono-wifi-contacto-1-80x80.png\" alt='Dispo\u00f1emos de zona WIFI' title='Dispo\u00f1emos de zona WIFI'  height=\"80\" width=\"80\"  itemprop=\"thumbnailUrl\" srcset=\"https:\/\/www.planetamaxico.com\/wp-content\/uploads\/2013\/04\/icono-wifi-contacto-1-80x80.png 80w, https:\/\/www.planetamaxico.com\/wp-content\/uploads\/2013\/04\/icono-wifi-contacto-1-36x36.png 36w, https:\/\/www.planetamaxico.com\/wp-content\/uploads\/2013\/04\/icono-wifi-contacto-1-180x180.png 180w, https:\/\/www.planetamaxico.com\/wp-content\/uploads\/2013\/04\/icono-wifi-contacto-1-120x120.png 120w\" sizes=\"(max-width: 80px) 100vw, 80px\" \/><\/div><\/div><\/div><\/div><div  class='flex_column av-126cv-db377ddede14585187cb22aa3320f09a av_one_half  avia-builder-el-18  el_after_av_one_half  avia-builder-el-last  flex_column_div  '     ><div  class='avia-table av-o2qfxr-5e00475e7557a36ce18c8784c28e0ea0 main_color avia-pricing-table-container avia_pricing_default  avia-builder-el-19  avia-builder-el-no-sibling  avia-table-1'  itemscope=\"itemscope\" itemtype=\"https:\/\/schema.org\/Table\" ><div class=\"pricing-table-wrap\"><ul class='pricing-table '><li class=''><div class='first-table-item'>Martes a Xoves<\/div><span class='pricing-extra'><\/span><\/li><li class=''>Venres<\/li><li class=''>S\u00e1bados e domingos<\/li><\/ul><\/div><div class=\"pricing-table-wrap\"><ul class='pricing-table '><li class=''><div class='first-table-item'>17:00 a 20:30<\/div><span class='pricing-extra'><\/span><\/li><li class=''>17:00 a 21:00<\/li><li class=''>11:00 a 14:00<br \/>\n17:00 a 21:00<\/li><\/ul><\/div><\/div><\/div><\/div><\/div><\/div><!-- close content main div --><\/div><\/div><div id='after_section_6'  class='main_color av_default_container_wrap container_wrap sidebar_right'  ><div class='container av-section-cont-open' ><div class='template-page content  av-content-small alpha units'><div class='post-entry post-entry-type-page post-entry-1167'><div class='entry-content-wrapper clearfix'>\n","protected":false},"excerpt":{"rendered":"","protected":false},"author":1,"featured_media":0,"parent":0,"menu_order":0,"comment_status":"open","ping_status":"closed","template":"","meta":{"footnotes":""},"class_list":["post-1167","page","type-page","status-publish","hentry"],"yoast_head":"<!-- This site is optimized with the Yoast SEO plugin v27.5 - https:\/\/yoast.com\/product\/yoast-seo-wordpress\/ -->\n<title>Contacto - Planeta Maxico<\/title>\n<meta name=\"description\" content=\"P\u00f3dese po\u00f1er en contacto con Planeta M\u00e1xico cham\u00e1ndonos aos tel\u00e9fonos 981 535 358 \/ 606 433 501\" \/>\n<meta name=\"robots\" content=\"index, follow, max-snippet:-1, max-image-preview:large, max-video-preview:-1\" \/>\n<link rel=\"canonical\" href=\"https:\/\/www.planetamaxico.com\/contacto\/\" \/>\n<meta property=\"og:locale\" content=\"gl_ES\" \/>\n<meta property=\"og:type\" content=\"article\" \/>\n<meta property=\"og:title\" content=\"Contacto - Planeta Maxico\" \/>\n<meta property=\"og:description\" content=\"P\u00f3dese po\u00f1er en contacto con Planeta M\u00e1xico cham\u00e1ndonos aos tel\u00e9fonos 981 535 358 \/ 606 433 501\" \/>\n<meta property=\"og:url\" content=\"https:\/\/www.planetamaxico.com\/contacto\/\" \/>\n<meta property=\"og:site_name\" content=\"Planeta Maxico\" \/>\n<meta property=\"article:modified_time\" content=\"2024-11-21T21:28:43+00:00\" \/>\n<meta name=\"twitter:card\" content=\"summary_large_image\" \/>\n<meta name=\"twitter:label1\" content=\"Tempo de lectura\" \/>\n\t<meta name=\"twitter:data1\" content=\"2 minutos\" \/>\n<script type=\"application\/ld+json\" class=\"yoast-schema-graph\">{\"@context\":\"https:\\\/\\\/schema.org\",\"@graph\":[{\"@type\":\"WebPage\",\"@id\":\"https:\\\/\\\/www.planetamaxico.com\\\/contacto\\\/\",\"url\":\"https:\\\/\\\/www.planetamaxico.com\\\/contacto\\\/\",\"name\":\"Contacto - Planeta Maxico\",\"isPartOf\":{\"@id\":\"https:\\\/\\\/www.planetamaxico.com\\\/#website\"},\"datePublished\":\"2024-04-04T11:33:38+00:00\",\"dateModified\":\"2024-11-21T21:28:43+00:00\",\"description\":\"P\u00f3dese po\u00f1er en contacto con Planeta M\u00e1xico cham\u00e1ndonos aos tel\u00e9fonos 981 535 358 \\\/ 606 433 501\",\"breadcrumb\":{\"@id\":\"https:\\\/\\\/www.planetamaxico.com\\\/contacto\\\/#breadcrumb\"},\"inLanguage\":\"gl-ES\",\"potentialAction\":[{\"@type\":\"ReadAction\",\"target\":[\"https:\\\/\\\/www.planetamaxico.com\\\/contacto\\\/\"]}]},{\"@type\":\"BreadcrumbList\",\"@id\":\"https:\\\/\\\/www.planetamaxico.com\\\/contacto\\\/#breadcrumb\",\"itemListElement\":[{\"@type\":\"ListItem\",\"position\":1,\"name\":\"Inicio\",\"item\":\"https:\\\/\\\/www.planetamaxico.com\\\/inicio\\\/\"},{\"@type\":\"ListItem\",\"position\":2,\"name\":\"Contacto\"}]},{\"@type\":\"WebSite\",\"@id\":\"https:\\\/\\\/www.planetamaxico.com\\\/#website\",\"url\":\"https:\\\/\\\/www.planetamaxico.com\\\/\",\"name\":\"Planeta Maxico\",\"description\":\"Planeta Maxico\",\"potentialAction\":[{\"@type\":\"SearchAction\",\"target\":{\"@type\":\"EntryPoint\",\"urlTemplate\":\"https:\\\/\\\/www.planetamaxico.com\\\/?s={search_term_string}\"},\"query-input\":{\"@type\":\"PropertyValueSpecification\",\"valueRequired\":true,\"valueName\":\"search_term_string\"}}],\"inLanguage\":\"gl-ES\"}]}<\/script>\n<!-- \/ Yoast SEO plugin. -->","yoast_head_json":{"title":"Contacto - Planeta Maxico","description":"P\u00f3dese po\u00f1er en contacto con Planeta M\u00e1xico cham\u00e1ndonos aos tel\u00e9fonos 981 535 358 \/ 606 433 501","robots":{"index":"index","follow":"follow","max-snippet":"max-snippet:-1","max-image-preview":"max-image-preview:large","max-video-preview":"max-video-preview:-1"},"canonical":"https:\/\/www.planetamaxico.com\/contacto\/","og_locale":"gl_ES","og_type":"article","og_title":"Contacto - Planeta Maxico","og_description":"P\u00f3dese po\u00f1er en contacto con Planeta M\u00e1xico cham\u00e1ndonos aos tel\u00e9fonos 981 535 358 \/ 606 433 501","og_url":"https:\/\/www.planetamaxico.com\/contacto\/","og_site_name":"Planeta Maxico","article_modified_time":"2024-11-21T21:28:43+00:00","twitter_card":"summary_large_image","twitter_misc":{"Tempo de lectura":"2 minutos"},"schema":{"@context":"https:\/\/schema.org","@graph":[{"@type":"WebPage","@id":"https:\/\/www.planetamaxico.com\/contacto\/","url":"https:\/\/www.planetamaxico.com\/contacto\/","name":"Contacto - Planeta Maxico","isPartOf":{"@id":"https:\/\/www.planetamaxico.com\/#website"},"datePublished":"2024-04-04T11:33:38+00:00","dateModified":"2024-11-21T21:28:43+00:00","description":"P\u00f3dese po\u00f1er en contacto con Planeta M\u00e1xico cham\u00e1ndonos aos tel\u00e9fonos 981 535 358 \/ 606 433 501","breadcrumb":{"@id":"https:\/\/www.planetamaxico.com\/contacto\/#breadcrumb"},"inLanguage":"gl-ES","potentialAction":[{"@type":"ReadAction","target":["https:\/\/www.planetamaxico.com\/contacto\/"]}]},{"@type":"BreadcrumbList","@id":"https:\/\/www.planetamaxico.com\/contacto\/#breadcrumb","itemListElement":[{"@type":"ListItem","position":1,"name":"Inicio","item":"https:\/\/www.planetamaxico.com\/inicio\/"},{"@type":"ListItem","position":2,"name":"Contacto"}]},{"@type":"WebSite","@id":"https:\/\/www.planetamaxico.com\/#website","url":"https:\/\/www.planetamaxico.com\/","name":"Planeta Maxico","description":"Planeta Maxico","potentialAction":[{"@type":"SearchAction","target":{"@type":"EntryPoint","urlTemplate":"https:\/\/www.planetamaxico.com\/?s={search_term_string}"},"query-input":{"@type":"PropertyValueSpecification","valueRequired":true,"valueName":"search_term_string"}}],"inLanguage":"gl-ES"}]}},"jetpack_sharing_enabled":true,"_links":{"self":[{"href":"https:\/\/www.planetamaxico.com\/gl\/wp-json\/wp\/v2\/pages\/1167","targetHints":{"allow":["GET"]}}],"collection":[{"href":"https:\/\/www.planetamaxico.com\/gl\/wp-json\/wp\/v2\/pages"}],"about":[{"href":"https:\/\/www.planetamaxico.com\/gl\/wp-json\/wp\/v2\/types\/page"}],"author":[{"embeddable":true,"href":"https:\/\/www.planetamaxico.com\/gl\/wp-json\/wp\/v2\/users\/1"}],"replies":[{"embeddable":true,"href":"https:\/\/www.planetamaxico.com\/gl\/wp-json\/wp\/v2\/comments?post=1167"}],"version-history":[{"count":2,"href":"https:\/\/www.planetamaxico.com\/gl\/wp-json\/wp\/v2\/pages\/1167\/revisions"}],"predecessor-version":[{"id":6989,"href":"https:\/\/www.planetamaxico.com\/gl\/wp-json\/wp\/v2\/pages\/1167\/revisions\/6989"}],"wp:attachment":[{"href":"https:\/\/www.planetamaxico.com\/gl\/wp-json\/wp\/v2\/media?parent=1167"}],"curies":[{"name":"wp","href":"https:\/\/api.w.org\/{rel}","templated":true}]}}