{"id":4683,"date":"2016-06-01T18:47:17","date_gmt":"2016-06-01T16:47:17","guid":{"rendered":"http:\/\/planetamaxico.com\/?page_id=4683"},"modified":"2024-10-14T23:11:51","modified_gmt":"2024-10-14T21:11:51","slug":"galeria","status":"publish","type":"page","link":"https:\/\/www.planetamaxico.com\/gl\/galeria\/","title":{"rendered":"Galer\u00eda"},"content":{"rendered":"\n<style type=\"text\/css\" data-created_by=\"avia_inline_auto\" id=\"style-css-av-av_section-ab1d666bed847d2a852ccaacc92f9054\">\n.avia-section.av-av_section-ab1d666bed847d2a852ccaacc92f9054{\nbackground-color:#f8f8f8;\nbackground-image:unset;\n}\n<\/style>\n<div id='av_section_1'  class='avia-section av-av_section-ab1d666bed847d2a852ccaacc92f9054 main_color avia-section-default avia-no-border-styling  avia-builder-el-0  el_before_av_masonry_gallery  avia-builder-el-first  avia-bg-style-scroll container_wrap sidebar_right'  ><div class='container av-section-cont-open' ><main  role=\"main\" itemprop=\"mainContentOfPage\"  class='template-page content  av-content-small alpha units'><div class='post-entry post-entry-type-page post-entry-4683'><div class='entry-content-wrapper clearfix'>\n\n<style type=\"text\/css\" data-created_by=\"avia_inline_auto\" id=\"style-css-av-m29ieus5-6a18bb1fe09c27755fde8407b2914942\">\n#top .av-special-heading.av-m29ieus5-6a18bb1fe09c27755fde8407b2914942{\npadding-bottom:10px;\ncolor:#a2825c;\n}\nbody .av-special-heading.av-m29ieus5-6a18bb1fe09c27755fde8407b2914942 .av-special-heading-tag .heading-char{\nfont-size:25px;\n}\n.av-special-heading.av-m29ieus5-6a18bb1fe09c27755fde8407b2914942 .special-heading-inner-border{\nborder-color:#a2825c;\n}\n.av-special-heading.av-m29ieus5-6a18bb1fe09c27755fde8407b2914942 .av-subheading{\nfont-size:10px;\n}\n<\/style>\n<div  class='av-special-heading av-m29ieus5-6a18bb1fe09c27755fde8407b2914942 av-special-heading-h1 custom-color-heading blockquote modern-quote  avia-builder-el-1  avia-builder-el-no-sibling '><h1 class='av-special-heading-tag '  itemprop=\"headline\"  >Galer\u00eda<\/h1><div class=\"special-heading-border\"><div class=\"special-heading-inner-border\"><\/div><\/div><\/div>\n\n<style type=\"text\/css\" data-created_by=\"avia_inline_auto\" id=\"style-css-av-27w9a3-7ea1f859eda92a91993c46fb49cfc145\">\n#top .av-masonry.av-27w9a3-7ea1f859eda92a91993c46fb49cfc145{\nbackground-color:#ffffff;\n}\n<\/style>\n<div id='av-masonry-1' class='av-masonry av-27w9a3-7ea1f859eda92a91993c46fb49cfc145 noHover av-fixed-size av-large-gap av-hover-overlay-active av-masonry-animation-active av-masonry-col-flexible av-caption-always av-caption-style- av-masonry-gallery ' data-post_id=\"4683\"><div class=\"av-masonry-container isotope av-js-disabled\"><div class='av-masonry-entry isotope-item av-masonry-item-no-image '><\/div><a href=\"https:\/\/www.planetamaxico.com\/wp-content\/uploads\/2016\/06\/IMG_4176.jpg\" data-srcset=\"https:\/\/www.planetamaxico.com\/wp-content\/uploads\/2016\/06\/IMG_4176.jpg 1000w, https:\/\/www.planetamaxico.com\/wp-content\/uploads\/2016\/06\/IMG_4176-300x101.jpg 300w, https:\/\/www.planetamaxico.com\/wp-content\/uploads\/2016\/06\/IMG_4176-768x259.jpg 768w, https:\/\/www.planetamaxico.com\/wp-content\/uploads\/2016\/06\/IMG_4176-705x238.jpg 705w, https:\/\/www.planetamaxico.com\/wp-content\/uploads\/2016\/06\/IMG_4176-450x152.jpg 450w\" data-sizes=\"(max-width: 1000px) 100vw, 1000px\"  aria-label=\"image Amplitude e luminosidade en Planeta M\u00e1xico\"  id='av-masonry-1-item-5029' data-av-masonry-item='5029' class='av-masonry-entry isotope-item post-5029 attachment type-attachment status-inherit hentry  av-masonry-item-with-image av-landscape-img' title=\"Amplitude e luminosidade en Planeta M\u00e1xico\" alt=\"Amplitude e luminosidade en Planeta M\u00e1xico\"    itemprop=\"thumbnailUrl\" ><div class='av-inner-masonry-sizer'><\/div><figure class='av-inner-masonry main_color'><div class=\"av-masonry-outerimage-container\"><div class='av-masonry-image-container' style=\"background-image: url(https:\/\/www.planetamaxico.com\/wp-content\/uploads\/2016\/06\/IMG_4176-705x238.jpg);\"  title=\"Amplitude e luminosidade en Planeta M\u00e1xico\" ><\/div><\/div><\/figure><\/a><!--end av-masonry entry--><a href=\"https:\/\/www.planetamaxico.com\/wp-content\/uploads\/2016\/06\/IMG_7367.jpg\" data-srcset=\"https:\/\/www.planetamaxico.com\/wp-content\/uploads\/2016\/06\/IMG_7367.jpg 1000w, https:\/\/www.planetamaxico.com\/wp-content\/uploads\/2016\/06\/IMG_7367-300x225.jpg 300w, https:\/\/www.planetamaxico.com\/wp-content\/uploads\/2016\/06\/IMG_7367-768x576.jpg 768w, https:\/\/www.planetamaxico.com\/wp-content\/uploads\/2016\/06\/IMG_7367-705x529.jpg 705w, https:\/\/www.planetamaxico.com\/wp-content\/uploads\/2016\/06\/IMG_7367-450x338.jpg 450w\" data-sizes=\"(max-width: 1000px) 100vw, 1000px\"  aria-label=\"image A m\u00e1xima seguridade en todas as nosas instalaci\u00f3ns\"  id='av-masonry-1-item-5041' data-av-masonry-item='5041' class='av-masonry-entry isotope-item post-5041 attachment type-attachment status-inherit hentry  av-masonry-item-with-image av-grid-img' title=\"A m\u00e1xima seguridade en todas as nosas instalaci\u00f3ns\" alt=\"A m\u00e1xima seguridade en todas as nosas instalaci\u00f3ns\"    itemprop=\"thumbnailUrl\" ><div class='av-inner-masonry-sizer'><\/div><figure class='av-inner-masonry main_color'><div class=\"av-masonry-outerimage-container\"><div class='av-masonry-image-container' style=\"background-image: url(https:\/\/www.planetamaxico.com\/wp-content\/uploads\/2016\/06\/IMG_7367-705x529.jpg);\"  title=\"A m\u00e1xima seguridade en todas as nosas instalaci\u00f3ns\" ><\/div><\/div><\/figure><\/a><!--end av-masonry entry--><a href=\"https:\/\/www.planetamaxico.com\/wp-content\/uploads\/2016\/06\/IMG_7370-772x1030.jpg\" data-srcset=\"https:\/\/www.planetamaxico.com\/wp-content\/uploads\/2016\/06\/IMG_7370-772x1030.jpg 772w, https:\/\/www.planetamaxico.com\/wp-content\/uploads\/2016\/06\/IMG_7370-225x300.jpg 225w, https:\/\/www.planetamaxico.com\/wp-content\/uploads\/2016\/06\/IMG_7370-768x1025.jpg 768w, https:\/\/www.planetamaxico.com\/wp-content\/uploads\/2016\/06\/IMG_7370-528x705.jpg 528w, https:\/\/www.planetamaxico.com\/wp-content\/uploads\/2016\/06\/IMG_7370-450x600.jpg 450w, https:\/\/www.planetamaxico.com\/wp-content\/uploads\/2016\/06\/IMG_7370.jpg 1000w\" data-sizes=\"(max-width: 772px) 100vw, 772px\"  aria-label=\"image A balea de Planeta M\u00e1xico\"  id='av-masonry-1-item-5044' data-av-masonry-item='5044' class='av-masonry-entry isotope-item post-5044 attachment type-attachment status-inherit hentry  av-masonry-item-with-image av-grid-img' title=\"A balea de Planeta M\u00e1xico\" alt=\"A balea de Planeta M\u00e1xico\"    itemprop=\"thumbnailUrl\" ><div class='av-inner-masonry-sizer'><\/div><figure class='av-inner-masonry main_color'><div class=\"av-masonry-outerimage-container\"><div class='av-masonry-image-container' style=\"background-image: url(https:\/\/www.planetamaxico.com\/wp-content\/uploads\/2016\/06\/IMG_7370-528x705.jpg);\"  title=\"A balea de Planeta M\u00e1xico\" ><\/div><\/div><\/figure><\/a><!--end av-masonry entry--><a href=\"https:\/\/www.planetamaxico.com\/wp-content\/uploads\/2016\/06\/IMG_7374-772x1030.jpg\" data-srcset=\"https:\/\/www.planetamaxico.com\/wp-content\/uploads\/2016\/06\/IMG_7374-772x1030.jpg 772w, https:\/\/www.planetamaxico.com\/wp-content\/uploads\/2016\/06\/IMG_7374-225x300.jpg 225w, https:\/\/www.planetamaxico.com\/wp-content\/uploads\/2016\/06\/IMG_7374-768x1025.jpg 768w, https:\/\/www.planetamaxico.com\/wp-content\/uploads\/2016\/06\/IMG_7374-528x705.jpg 528w, https:\/\/www.planetamaxico.com\/wp-content\/uploads\/2016\/06\/IMG_7374-450x600.jpg 450w, https:\/\/www.planetamaxico.com\/wp-content\/uploads\/2016\/06\/IMG_7374.jpg 1000w\" data-sizes=\"(max-width: 772px) 100vw, 772px\"  aria-label=\"image Tobog\u00e1ns para subir e baixar na estructura xigante\"  id='av-masonry-1-item-5047' data-av-masonry-item='5047' class='av-masonry-entry isotope-item post-5047 attachment type-attachment status-inherit hentry  av-masonry-item-with-image av-grid-img' title=\"Tobog\u00e1ns para subir e baixar na estructura xigante\" alt=\"Tobog\u00e1ns para subir e baixar na estructura xigante\"    itemprop=\"thumbnailUrl\" ><div class='av-inner-masonry-sizer'><\/div><figure class='av-inner-masonry main_color'><div class=\"av-masonry-outerimage-container\"><div class='av-masonry-image-container' style=\"background-image: url(https:\/\/www.planetamaxico.com\/wp-content\/uploads\/2016\/06\/IMG_7374-528x705.jpg);\"  title=\"Tobog\u00e1ns para subir e baixar na estructura xigante\" ><\/div><\/div><\/figure><\/a><!--end av-masonry entry--><a href=\"https:\/\/www.planetamaxico.com\/wp-content\/uploads\/2016\/06\/IMG_7376-772x1030.jpg\" data-srcset=\"https:\/\/www.planetamaxico.com\/wp-content\/uploads\/2016\/06\/IMG_7376-772x1030.jpg 772w, https:\/\/www.planetamaxico.com\/wp-content\/uploads\/2016\/06\/IMG_7376-225x300.jpg 225w, https:\/\/www.planetamaxico.com\/wp-content\/uploads\/2016\/06\/IMG_7376-768x1025.jpg 768w, https:\/\/www.planetamaxico.com\/wp-content\/uploads\/2016\/06\/IMG_7376-528x705.jpg 528w, https:\/\/www.planetamaxico.com\/wp-content\/uploads\/2016\/06\/IMG_7376-450x600.jpg 450w, https:\/\/www.planetamaxico.com\/wp-content\/uploads\/2016\/06\/IMG_7376.jpg 1000w\" data-sizes=\"(max-width: 772px) 100vw, 772px\"  aria-label=\"image A ver quen salta m\u00e1is nas nosas camas el\u00e1sticas\"  id='av-masonry-1-item-5050' data-av-masonry-item='5050' class='av-masonry-entry isotope-item post-5050 attachment type-attachment status-inherit hentry  av-masonry-item-with-image av-grid-img' title=\"A ver quen salta m\u00e1is nas nosas camas el\u00e1sticas\" alt=\"A ver quen salta m\u00e1is nas nosas camas el\u00e1sticas\"    itemprop=\"thumbnailUrl\" ><div class='av-inner-masonry-sizer'><\/div><figure class='av-inner-masonry main_color'><div class=\"av-masonry-outerimage-container\"><div class='av-masonry-image-container' style=\"background-image: url(https:\/\/www.planetamaxico.com\/wp-content\/uploads\/2016\/06\/IMG_7376-528x705.jpg);\"  title=\"A ver quen salta m\u00e1is nas nosas camas el\u00e1sticas\" ><\/div><\/div><\/figure><\/a><!--end av-masonry entry--><a href=\"https:\/\/www.planetamaxico.com\/wp-content\/uploads\/2016\/06\/IMG_7379.jpg\" data-srcset=\"https:\/\/www.planetamaxico.com\/wp-content\/uploads\/2016\/06\/IMG_7379.jpg 1000w, https:\/\/www.planetamaxico.com\/wp-content\/uploads\/2016\/06\/IMG_7379-300x225.jpg 300w, https:\/\/www.planetamaxico.com\/wp-content\/uploads\/2016\/06\/IMG_7379-768x576.jpg 768w, https:\/\/www.planetamaxico.com\/wp-content\/uploads\/2016\/06\/IMG_7379-705x529.jpg 705w, https:\/\/www.planetamaxico.com\/wp-content\/uploads\/2016\/06\/IMG_7379-450x338.jpg 450w\" data-sizes=\"(max-width: 1000px) 100vw, 1000px\"  aria-label=\"image Cafeter\u00eda para as mam\u00e1s e pap\u00e1s\"  id='av-masonry-1-item-5053' data-av-masonry-item='5053' class='av-masonry-entry isotope-item post-5053 attachment type-attachment status-inherit hentry  av-masonry-item-with-image av-grid-img' title=\"Cafeter\u00eda para as mam\u00e1s e pap\u00e1s\" alt=\"Cafeter\u00eda para as mam\u00e1s e pap\u00e1s\"    itemprop=\"thumbnailUrl\" ><div class='av-inner-masonry-sizer'><\/div><figure class='av-inner-masonry main_color'><div class=\"av-masonry-outerimage-container\"><div class='av-masonry-image-container' style=\"background-image: url(https:\/\/www.planetamaxico.com\/wp-content\/uploads\/2016\/06\/IMG_7379-705x529.jpg);\"  title=\"Cafeter\u00eda para as mam\u00e1s e pap\u00e1s\" ><\/div><\/div><\/figure><\/a><!--end av-masonry entry--><a href=\"https:\/\/www.planetamaxico.com\/wp-content\/uploads\/2016\/06\/IMG_8163-1.jpg\" data-srcset=\"https:\/\/www.planetamaxico.com\/wp-content\/uploads\/2016\/06\/IMG_8163-1.jpg 1000w, https:\/\/www.planetamaxico.com\/wp-content\/uploads\/2016\/06\/IMG_8163-1-300x225.jpg 300w, https:\/\/www.planetamaxico.com\/wp-content\/uploads\/2016\/06\/IMG_8163-1-768x576.jpg 768w, https:\/\/www.planetamaxico.com\/wp-content\/uploads\/2016\/06\/IMG_8163-1-705x529.jpg 705w, https:\/\/www.planetamaxico.com\/wp-content\/uploads\/2016\/06\/IMG_8163-1-450x338.jpg 450w\" data-sizes=\"(max-width: 1000px) 100vw, 1000px\"  aria-label=\"image A nosa balea azul, enc\u00e1ntalle xogar contigo\"  id='av-masonry-1-item-5056' data-av-masonry-item='5056' class='av-masonry-entry isotope-item post-5056 attachment type-attachment status-inherit hentry  av-masonry-item-with-image av-grid-img' title=\"A nosa balea azul, enc\u00e1ntalle xogar contigo\" alt=\"A nosa balea azul, enc\u00e1ntalle xogar contigo\"    itemprop=\"thumbnailUrl\" ><div class='av-inner-masonry-sizer'><\/div><figure class='av-inner-masonry main_color'><div class=\"av-masonry-outerimage-container\"><div class='av-masonry-image-container' style=\"background-image: url(https:\/\/www.planetamaxico.com\/wp-content\/uploads\/2016\/06\/IMG_8163-1-705x529.jpg);\"  title=\"A nosa balea azul, enc\u00e1ntalle xogar contigo\" ><\/div><\/div><\/figure><\/a><!--end av-masonry entry--><a href=\"https:\/\/www.planetamaxico.com\/wp-content\/uploads\/2016\/06\/IMG_8169-1.jpg\" data-srcset=\"https:\/\/www.planetamaxico.com\/wp-content\/uploads\/2016\/06\/IMG_8169-1.jpg 1000w, https:\/\/www.planetamaxico.com\/wp-content\/uploads\/2016\/06\/IMG_8169-1-300x225.jpg 300w, https:\/\/www.planetamaxico.com\/wp-content\/uploads\/2016\/06\/IMG_8169-1-768x576.jpg 768w, https:\/\/www.planetamaxico.com\/wp-content\/uploads\/2016\/06\/IMG_8169-1-705x529.jpg 705w, https:\/\/www.planetamaxico.com\/wp-content\/uploads\/2016\/06\/IMG_8169-1-450x338.jpg 450w\" data-sizes=\"(max-width: 1000px) 100vw, 1000px\"  aria-label=\"image Os mellores xogadores de f\u00fatbol est\u00e1n no noso parque\"  id='av-masonry-1-item-5062' data-av-masonry-item='5062' class='av-masonry-entry isotope-item post-5062 attachment type-attachment status-inherit hentry  av-masonry-item-with-image av-grid-img' title=\"Os mellores xogadores de f\u00fatbol est\u00e1n no noso parque\" alt=\"Os mellores xogadores de f\u00fatbol est\u00e1n no noso parque\"    itemprop=\"thumbnailUrl\" ><div class='av-inner-masonry-sizer'><\/div><figure class='av-inner-masonry main_color'><div class=\"av-masonry-outerimage-container\"><div class='av-masonry-image-container' style=\"background-image: url(https:\/\/www.planetamaxico.com\/wp-content\/uploads\/2016\/06\/IMG_8169-1-705x529.jpg);\"  title=\"Os mellores xogadores de f\u00fatbol est\u00e1n no noso parque\" ><\/div><\/div><\/figure><\/a><!--end av-masonry entry--><a href=\"https:\/\/www.planetamaxico.com\/wp-content\/uploads\/2016\/06\/IMG_8171-1-772x1030.jpg\" data-srcset=\"https:\/\/www.planetamaxico.com\/wp-content\/uploads\/2016\/06\/IMG_8171-1-772x1030.jpg 772w, https:\/\/www.planetamaxico.com\/wp-content\/uploads\/2016\/06\/IMG_8171-1-225x300.jpg 225w, https:\/\/www.planetamaxico.com\/wp-content\/uploads\/2016\/06\/IMG_8171-1-768x1025.jpg 768w, https:\/\/www.planetamaxico.com\/wp-content\/uploads\/2016\/06\/IMG_8171-1-528x705.jpg 528w, https:\/\/www.planetamaxico.com\/wp-content\/uploads\/2016\/06\/IMG_8171-1-450x600.jpg 450w, https:\/\/www.planetamaxico.com\/wp-content\/uploads\/2016\/06\/IMG_8171-1.jpg 1000w\" data-sizes=\"(max-width: 772px) 100vw, 772px\"  aria-label=\"image En Planeta M\u00e1xico atopar\u00e1s todo o divertimento\"  id='av-masonry-1-item-5065' data-av-masonry-item='5065' class='av-masonry-entry isotope-item post-5065 attachment type-attachment status-inherit hentry  av-masonry-item-with-image av-grid-img' title=\"En Planeta M\u00e1xico atopar\u00e1s todo o divertimento\" alt=\"En Planeta M\u00e1xico atopar\u00e1s todo o divertimento\"    itemprop=\"thumbnailUrl\" ><div class='av-inner-masonry-sizer'><\/div><figure class='av-inner-masonry main_color'><div class=\"av-masonry-outerimage-container\"><div class='av-masonry-image-container' style=\"background-image: url(https:\/\/www.planetamaxico.com\/wp-content\/uploads\/2016\/06\/IMG_8171-1-528x705.jpg);\"  title=\"En Planeta M\u00e1xico atopar\u00e1s todo o divertimento\" ><\/div><\/div><\/figure><\/a><!--end av-masonry entry--><a href=\"https:\/\/www.planetamaxico.com\/wp-content\/uploads\/2016\/06\/IMG_8190-1.jpg\" data-srcset=\"https:\/\/www.planetamaxico.com\/wp-content\/uploads\/2016\/06\/IMG_8190-1.jpg 1000w, https:\/\/www.planetamaxico.com\/wp-content\/uploads\/2016\/06\/IMG_8190-1-300x225.jpg 300w, https:\/\/www.planetamaxico.com\/wp-content\/uploads\/2016\/06\/IMG_8190-1-768x576.jpg 768w, https:\/\/www.planetamaxico.com\/wp-content\/uploads\/2016\/06\/IMG_8190-1-705x529.jpg 705w, https:\/\/www.planetamaxico.com\/wp-content\/uploads\/2016\/06\/IMG_8190-1-450x338.jpg 450w\" data-sizes=\"(max-width: 1000px) 100vw, 1000px\"  aria-label=\"image Baby park, a partir de 1 ano!\"  id='av-masonry-1-item-5071' data-av-masonry-item='5071' class='av-masonry-entry isotope-item post-5071 attachment type-attachment status-inherit hentry  av-masonry-item-with-image av-grid-img' title=\"Baby park, a partir de 1 ano!\" alt=\"Baby park, a partir de 1 ano!\"    itemprop=\"thumbnailUrl\" ><div class='av-inner-masonry-sizer'><\/div><figure class='av-inner-masonry main_color'><div class=\"av-masonry-outerimage-container\"><div class='av-masonry-image-container' style=\"background-image: url(https:\/\/www.planetamaxico.com\/wp-content\/uploads\/2016\/06\/IMG_8190-1-705x529.jpg);\"  title=\"Baby park, a partir de 1 ano!\" ><\/div><\/div><\/figure><\/a><!--end av-masonry entry--><a href=\"https:\/\/www.planetamaxico.com\/wp-content\/uploads\/2016\/06\/IMG_8195-1.jpg\" data-srcset=\"https:\/\/www.planetamaxico.com\/wp-content\/uploads\/2016\/06\/IMG_8195-1.jpg 1000w, https:\/\/www.planetamaxico.com\/wp-content\/uploads\/2016\/06\/IMG_8195-1-300x225.jpg 300w, https:\/\/www.planetamaxico.com\/wp-content\/uploads\/2016\/06\/IMG_8195-1-768x576.jpg 768w, https:\/\/www.planetamaxico.com\/wp-content\/uploads\/2016\/06\/IMG_8195-1-705x529.jpg 705w, https:\/\/www.planetamaxico.com\/wp-content\/uploads\/2016\/06\/IMG_8195-1-450x338.jpg 450w\" data-sizes=\"(max-width: 1000px) 100vw, 1000px\"  aria-label=\"image O inchable, a estructura de xogos e o campo de f\u00fatbol\"  id='av-masonry-1-item-5074' data-av-masonry-item='5074' class='av-masonry-entry isotope-item post-5074 attachment type-attachment status-inherit hentry  av-masonry-item-with-image av-grid-img' title=\"O inchable, a estructura de xogos e o campo de f\u00fatbol\" alt=\"O inchable, a estructura de xogos e o campo de f\u00fatbol\"    itemprop=\"thumbnailUrl\" ><div class='av-inner-masonry-sizer'><\/div><figure class='av-inner-masonry main_color'><div class=\"av-masonry-outerimage-container\"><div class='av-masonry-image-container' style=\"background-image: url(https:\/\/www.planetamaxico.com\/wp-content\/uploads\/2016\/06\/IMG_8195-1-705x529.jpg);\"  title=\"O inchable, a estructura de xogos e o campo de f\u00fatbol\" ><\/div><\/div><\/figure><\/a><!--end av-masonry entry--><\/div><\/div><\/p>\n","protected":false},"excerpt":{"rendered":"","protected":false},"author":1,"featured_media":0,"parent":0,"menu_order":0,"comment_status":"closed","ping_status":"closed","template":"","meta":{"footnotes":""},"class_list":["post-4683","page","type-page","status-publish","hentry"],"yoast_head":"<!-- This site is optimized with the Yoast SEO plugin v27.5 - https:\/\/yoast.com\/product\/yoast-seo-wordpress\/ -->\n<title>Galer\u00eda - Planeta Maxico<\/title>\n<meta name=\"description\" content=\"En Planeta M\u00e1xico os nen@s disfrutar\u00e1n dun lugar de lecer nunhas instalaci\u00f3ns seguras dirixidos por un persoal altamente cualificado\" \/>\n<meta name=\"robots\" content=\"index, follow, max-snippet:-1, max-image-preview:large, max-video-preview:-1\" \/>\n<link rel=\"canonical\" href=\"https:\/\/www.planetamaxico.com\/galeria\/\" \/>\n<meta property=\"og:locale\" content=\"gl_ES\" \/>\n<meta property=\"og:type\" content=\"article\" \/>\n<meta property=\"og:title\" content=\"Galer\u00eda - Planeta Maxico\" \/>\n<meta property=\"og:description\" content=\"En Planeta M\u00e1xico os nen@s disfrutar\u00e1n dun lugar de lecer nunhas instalaci\u00f3ns seguras dirixidos por un persoal altamente cualificado\" \/>\n<meta property=\"og:url\" content=\"https:\/\/www.planetamaxico.com\/galeria\/\" \/>\n<meta property=\"og:site_name\" content=\"Planeta Maxico\" \/>\n<meta property=\"article:modified_time\" content=\"2024-10-14T21:11:51+00:00\" \/>\n<meta name=\"twitter:card\" content=\"summary_large_image\" \/>\n<meta name=\"twitter:label1\" content=\"Tempo de lectura\" \/>\n\t<meta name=\"twitter:data1\" content=\"1 minuto\" \/>\n<script type=\"application\/ld+json\" class=\"yoast-schema-graph\">{\"@context\":\"https:\\\/\\\/schema.org\",\"@graph\":[{\"@type\":\"WebPage\",\"@id\":\"https:\\\/\\\/www.planetamaxico.com\\\/galeria\\\/\",\"url\":\"https:\\\/\\\/www.planetamaxico.com\\\/galeria\\\/\",\"name\":\"Galer\u00eda - Planeta Maxico\",\"isPartOf\":{\"@id\":\"https:\\\/\\\/www.planetamaxico.com\\\/#website\"},\"datePublished\":\"2016-06-01T16:47:17+00:00\",\"dateModified\":\"2024-10-14T21:11:51+00:00\",\"description\":\"En Planeta M\u00e1xico os nen@s disfrutar\u00e1n dun lugar de lecer nunhas instalaci\u00f3ns seguras dirixidos por un persoal altamente cualificado\",\"breadcrumb\":{\"@id\":\"https:\\\/\\\/www.planetamaxico.com\\\/galeria\\\/#breadcrumb\"},\"inLanguage\":\"gl-ES\",\"potentialAction\":[{\"@type\":\"ReadAction\",\"target\":[\"https:\\\/\\\/www.planetamaxico.com\\\/galeria\\\/\"]}]},{\"@type\":\"BreadcrumbList\",\"@id\":\"https:\\\/\\\/www.planetamaxico.com\\\/galeria\\\/#breadcrumb\",\"itemListElement\":[{\"@type\":\"ListItem\",\"position\":1,\"name\":\"Inicio\",\"item\":\"https:\\\/\\\/www.planetamaxico.com\\\/inicio\\\/\"},{\"@type\":\"ListItem\",\"position\":2,\"name\":\"Galer\u00eda\"}]},{\"@type\":\"WebSite\",\"@id\":\"https:\\\/\\\/www.planetamaxico.com\\\/#website\",\"url\":\"https:\\\/\\\/www.planetamaxico.com\\\/\",\"name\":\"Planeta Maxico\",\"description\":\"Planeta Maxico\",\"potentialAction\":[{\"@type\":\"SearchAction\",\"target\":{\"@type\":\"EntryPoint\",\"urlTemplate\":\"https:\\\/\\\/www.planetamaxico.com\\\/?s={search_term_string}\"},\"query-input\":{\"@type\":\"PropertyValueSpecification\",\"valueRequired\":true,\"valueName\":\"search_term_string\"}}],\"inLanguage\":\"gl-ES\"}]}<\/script>\n<!-- \/ Yoast SEO plugin. -->","yoast_head_json":{"title":"Galer\u00eda - Planeta Maxico","description":"En Planeta M\u00e1xico os nen@s disfrutar\u00e1n dun lugar de lecer nunhas instalaci\u00f3ns seguras dirixidos por un persoal altamente cualificado","robots":{"index":"index","follow":"follow","max-snippet":"max-snippet:-1","max-image-preview":"max-image-preview:large","max-video-preview":"max-video-preview:-1"},"canonical":"https:\/\/www.planetamaxico.com\/galeria\/","og_locale":"gl_ES","og_type":"article","og_title":"Galer\u00eda - Planeta Maxico","og_description":"En Planeta M\u00e1xico os nen@s disfrutar\u00e1n dun lugar de lecer nunhas instalaci\u00f3ns seguras dirixidos por un persoal altamente cualificado","og_url":"https:\/\/www.planetamaxico.com\/galeria\/","og_site_name":"Planeta Maxico","article_modified_time":"2024-10-14T21:11:51+00:00","twitter_card":"summary_large_image","twitter_misc":{"Tempo de lectura":"1 minuto"},"schema":{"@context":"https:\/\/schema.org","@graph":[{"@type":"WebPage","@id":"https:\/\/www.planetamaxico.com\/galeria\/","url":"https:\/\/www.planetamaxico.com\/galeria\/","name":"Galer\u00eda - Planeta Maxico","isPartOf":{"@id":"https:\/\/www.planetamaxico.com\/#website"},"datePublished":"2016-06-01T16:47:17+00:00","dateModified":"2024-10-14T21:11:51+00:00","description":"En Planeta M\u00e1xico os nen@s disfrutar\u00e1n dun lugar de lecer nunhas instalaci\u00f3ns seguras dirixidos por un persoal altamente cualificado","breadcrumb":{"@id":"https:\/\/www.planetamaxico.com\/galeria\/#breadcrumb"},"inLanguage":"gl-ES","potentialAction":[{"@type":"ReadAction","target":["https:\/\/www.planetamaxico.com\/galeria\/"]}]},{"@type":"BreadcrumbList","@id":"https:\/\/www.planetamaxico.com\/galeria\/#breadcrumb","itemListElement":[{"@type":"ListItem","position":1,"name":"Inicio","item":"https:\/\/www.planetamaxico.com\/inicio\/"},{"@type":"ListItem","position":2,"name":"Galer\u00eda"}]},{"@type":"WebSite","@id":"https:\/\/www.planetamaxico.com\/#website","url":"https:\/\/www.planetamaxico.com\/","name":"Planeta Maxico","description":"Planeta Maxico","potentialAction":[{"@type":"SearchAction","target":{"@type":"EntryPoint","urlTemplate":"https:\/\/www.planetamaxico.com\/?s={search_term_string}"},"query-input":{"@type":"PropertyValueSpecification","valueRequired":true,"valueName":"search_term_string"}}],"inLanguage":"gl-ES"}]}},"jetpack_sharing_enabled":true,"_links":{"self":[{"href":"https:\/\/www.planetamaxico.com\/gl\/wp-json\/wp\/v2\/pages\/4683","targetHints":{"allow":["GET"]}}],"collection":[{"href":"https:\/\/www.planetamaxico.com\/gl\/wp-json\/wp\/v2\/pages"}],"about":[{"href":"https:\/\/www.planetamaxico.com\/gl\/wp-json\/wp\/v2\/types\/page"}],"author":[{"embeddable":true,"href":"https:\/\/www.planetamaxico.com\/gl\/wp-json\/wp\/v2\/users\/1"}],"replies":[{"embeddable":true,"href":"https:\/\/www.planetamaxico.com\/gl\/wp-json\/wp\/v2\/comments?post=4683"}],"version-history":[{"count":0,"href":"https:\/\/www.planetamaxico.com\/gl\/wp-json\/wp\/v2\/pages\/4683\/revisions"}],"wp:attachment":[{"href":"https:\/\/www.planetamaxico.com\/gl\/wp-json\/wp\/v2\/media?parent=4683"}],"curies":[{"name":"wp","href":"https:\/\/api.w.org\/{rel}","templated":true}]}}