{"id":6947,"date":"2024-11-21T21:23:15","date_gmt":"2024-11-21T20:23:15","guid":{"rendered":"https:\/\/www.planetamaxico.com\/?page_id=6947"},"modified":"2024-11-25T14:12:55","modified_gmt":"2024-11-25T13:12:55","slug":"politica-de-privacidade","status":"publish","type":"page","link":"https:\/\/www.planetamaxico.com\/gl\/politica-de-privacidade\/","title":{"rendered":"Pol\u00edtica de Privacidade"},"content":{"rendered":"\n<style type=\"text\/css\" data-created_by=\"avia_inline_auto\" id=\"style-css-av-1y6q5f-6c796b360e3ee3036290b51465e1de8a\">\n.avia-section.av-1y6q5f-6c796b360e3ee3036290b51465e1de8a{\nbackground-color:#f8f8f8;\nbackground-image:unset;\n}\n<\/style>\n<div id='av_section_1'  class='avia-section av-1y6q5f-6c796b360e3ee3036290b51465e1de8a main_color avia-section-default avia-no-border-styling  avia-builder-el-0  el_before_av_one_full  avia-builder-el-first  avia-bg-style-scroll container_wrap sidebar_right'  ><div class='container av-section-cont-open' ><main  role=\"main\" itemprop=\"mainContentOfPage\"  class='template-page content  av-content-small alpha units'><div class='post-entry post-entry-type-page post-entry-6947'><div class='entry-content-wrapper clearfix'>\n\n<style type=\"text\/css\" data-created_by=\"avia_inline_auto\" id=\"style-css-av-m3rsz86h-61faa5a9ed56a0c224d5503a28d2e1b2\">\n#top .av-special-heading.av-m3rsz86h-61faa5a9ed56a0c224d5503a28d2e1b2{\npadding-bottom:10px;\ncolor:#a2825c;\n}\nbody .av-special-heading.av-m3rsz86h-61faa5a9ed56a0c224d5503a28d2e1b2 .av-special-heading-tag .heading-char{\nfont-size:25px;\n}\n.av-special-heading.av-m3rsz86h-61faa5a9ed56a0c224d5503a28d2e1b2 .special-heading-inner-border{\nborder-color:#a2825c;\n}\n.av-special-heading.av-m3rsz86h-61faa5a9ed56a0c224d5503a28d2e1b2 .av-subheading{\nfont-size:10px;\n}\n<\/style>\n<div  class='av-special-heading av-m3rsz86h-61faa5a9ed56a0c224d5503a28d2e1b2 av-special-heading-h1 custom-color-heading blockquote modern-quote  avia-builder-el-1  avia-builder-el-no-sibling '><h1 class='av-special-heading-tag '  itemprop=\"headline\"  >Pol\u00edtica de privacidade<\/h1><div class=\"special-heading-border\"><div class=\"special-heading-inner-border\"><\/div><\/div><\/div>\n<\/div><\/div><\/main><!-- close content main element --><\/div><\/div><div id='after_section_1'  class='main_color av_default_container_wrap container_wrap sidebar_right'  ><div class='container av-section-cont-open' ><div class='template-page content  av-content-small alpha units'><div class='post-entry post-entry-type-page post-entry-6947'><div class='entry-content-wrapper clearfix'>\n\n<style type=\"text\/css\" data-created_by=\"avia_inline_auto\" id=\"style-css-av-47upfp-b3b7de2b415fc202642d8fa638cf097b\">\n.flex_column.av-47upfp-b3b7de2b415fc202642d8fa638cf097b{\nborder-radius:0px 0px 0px 0px;\npadding:0px 0px 0px 0px;\n}\n<\/style>\n<div  class='flex_column av-47upfp-b3b7de2b415fc202642d8fa638cf097b av_one_full  avia-builder-el-2  el_after_av_section  avia-builder-el-no-sibling  first flex_column_div av-zero-column-padding  '     ><section  class='av_textblock_section av-2iougl-aae07ee5ec9877496fa37ce623e6c0dd '   itemscope=\"itemscope\" itemtype=\"https:\/\/schema.org\/CreativeWork\" ><div class='avia_textblock'  itemprop=\"text\" ><h2>Obrigaci\u00f3n de Secreto e Confidencialidade<\/h2>\n<p><strong>Sonia Mar\u00eda Rodr\u00edguez Regueiro <\/strong>(en diante <strong>Planeta M\u00e1xico<\/strong>), titular do presente portal, como responsable do tratamento informa as persoas usuarias deste sitio web da s\u00faa pol\u00edtica de protecci\u00f3n de datos de car\u00e1cter persoal para que determinen libre e voluntariamente se desexan facilitar a Planeta M\u00e1xico os datos persoais que se lle poidan requirir ou que se poidan obter da persoa usuaria con ocasi\u00f3n da subscrici\u00f3n ou contrataci\u00f3n de calquera dos servizos ofertados por Planeta M\u00e1xico a trav\u00e9s do mesmo. Os datos persoais ser\u00e1n tratados de maneira confidencial e en conformidade co disposto no <strong>Regulamento (UE) 2016\/679 do 27 de abril de 2016 ( RGPD) relativo \u00e1 protecci\u00f3n das persoas f\u00edsicas e a O 3\/2018, do 5 de decembro, de Protecci\u00f3n de Datos Persoais e garant\u00eda dos dereitos dixitais<\/strong> e ser\u00e1n incorporados \u00e1 correspondente operaci\u00f3n de tratamento de Planeta M\u00e1xico .<\/p>\n<p>Temos implantadas todas as medidas t\u00e9cnicas, organizativas e legais necesarias para evitar a s\u00faa alteraci\u00f3n, perda, tratamento ou acceso non autorizado, tendo en conta en todo momento do estado da tecnolox\u00eda e a natureza dos datos almacenados. O persoal e\/ou voluntariado de Planeta M\u00e1xico\u00a0 est\u00e1n comprometidos a non divulgar nin facer uso da informaci\u00f3n \u00e1 que accedesen por raz\u00f3n do seu posto.<\/p>\n<p>A\u00ednda que nas transmisi\u00f3ns de datos a trav\u00e9s de internet ou desde unha web non \u00e9 posible garantir unha protecci\u00f3n absoluta contra intrusi\u00f3ns, Planeta M\u00e1xico dedica os m\u00e1ximos esforzos para manter as medidas de protecci\u00f3n f\u00edsica, electr\u00f3nica e procedemental para garantir a m\u00e1xima protecci\u00f3n dos seus datos.<\/p>\n<p>Entre as medidas que utilizamos incl\u00faense as seguintes:<\/p>\n<ul>\n<li>limitar o acceso aos seus datos unicamente a aquelas persoas que deban co\u00f1ecelos en atenci\u00f3n \u00e1s tarefas que realizan;<\/li>\n<li>como regra xeral transferir en formato cifrado os datos recolleitos;<\/li>\n<li>almacenar os datos m\u00e1is sensibles (como os de tarxeta de cr\u00e9dito) s\u00f3 en formato cifrado;<\/li>\n<li>instalar \u201cfirewalls\u201d para impedir accesos non autorizados, por exemplo \u201c hackers\u201d;<\/li>\n<li>monitorar habitualmente os accesos aos sistemas inform\u00e1ticos para detectar e deter calquera uso indebido dos datos de car\u00e1cter persoal.<\/li>\n<\/ul>\n<p>Planeta M\u00e1xico res\u00e9rvanse o dereito de modificar a presente pol\u00edtica de privacidade para adaptala a novidades lexislativas ou xurisprudenciais, anunciando nesta p\u00e1xina os cambios introducidos. Certos servizos prestados no portal poden conter condici\u00f3ns particulares con previsi\u00f3ns espec\u00edficas en materia de protecci\u00f3n de datos persoais.<\/p>\n<h2>Responsables do tratamento<\/h2>\n<ul>\n<li><strong>Denominaci\u00f3n social<\/strong>: Sonia Mar\u00eda Rodr\u00edguez Regueiro<\/li>\n<li><strong>NIF<\/strong>: 44821814N<\/li>\n<li><strong>Domicilio social<\/strong>: R\u00faa das Hedras, 46-B, 15895, O Milladoiro-Ames, A Coru\u00f1a<\/li>\n<li><strong>Tel\u00e9fonos de contacto<\/strong>: 606433501<\/li>\n<li><strong>Direcci\u00f3n de correo electr\u00f3nico<\/strong>: planetamaxicomilladoiro@gmail.com<\/li>\n<\/ul>\n<h2>Finalidades<\/h2>\n<ul>\n<li>CONTACTO: Tramitar consultas, solicitudes ou calquera tipo de petici\u00f3n sobre os servizos de Planeta M\u00e1xico realizada pola persoa usuaria a trav\u00e9s do formulario ou de calquera das formas de contacto que se po\u00f1en \u00e1 s\u00faa disposici\u00f3n.<\/li>\n<\/ul>\n<p>Categor\u00edas de datos:<\/p>\n<ul>\n<li>Nome<\/li>\n<li>Email<\/li>\n<li>Tipo de Consulta<\/li>\n<li>Mensaxe<\/li>\n<li><strong>DATOS RECOMPILADOS POLO SERVIDOR WEB<\/strong>: Os datos persoais recompilados polo servidor web estar\u00e1n suxeitos a procesamento automatizado e incorporados \u00e1 operaci\u00f3n de tratamento &#8220;WEB&#8221; que lexitima a s\u00faa obtenci\u00f3n.<\/li>\n<\/ul>\n<p>Categor\u00edas de datos:<\/p>\n<ul>\n<li>Versi\u00f3n da navegador<\/li>\n<li>Versi\u00f3n do sistema operativo<\/li>\n<li>Direcci\u00f3n IP<\/li>\n<li>Interface de usuario<\/li>\n<li>Idioma Navegador<\/li>\n<\/ul>\n<h2>Lexitimaci\u00f3n do tratamento<\/h2>\n<p>A lexitimaci\u00f3n do tratamento dos seus datos \u00e9 consecuencia do consentimento que presta enchendo cos seus datos e enviando os formularios da nosa web (Artigo 6.1 letra a RGPD)<\/p>\n<p>Previo ao tratamento dos datos persoais, Planeta M\u00e1xico obt\u00e9n consentimento expreso e inequ\u00edvoco do titular dos datos persoais en base a un interese lex\u00edtimo da persoa usuaria, quen mediante a marcaci\u00f3n das casas de consentimento informado correspondentes e a entrada de datos nos distintos campos aceptan, expresamente e de forma libre e inequ\u00edvoca, que os seus datos son necesarios para atender a s\u00faa petici\u00f3n por parte de Planeta M\u00e1xico. A persoa usuaria garante que os datos persoais facilitados son veraces e faise responsable de comunicar calquera modificaci\u00f3n dos mesmos.<\/p>\n<p>Se se produce solicitude ou encargo, a lexitimaci\u00f3n ser\u00e1 a relaci\u00f3n derivada do mesmo, podendo chegar a ser contractual e o cumprimento das obrigaci\u00f3ns profesionais e legais derivadas do mesmo. (Artigo 6.1 letra b do RGPD)<\/p>\n<p>Tam\u00e9n existe a lexitimaci\u00f3n a trav\u00e9s da v\u00eda do interese do titular da p\u00e1xina web ou da persoa usuaria. (Artigo 6.1 letra f do RGPD)<\/p>\n<h2>Comunicaci\u00f3ns dos datos<\/h2>\n<p>Os datos derivados do contacto e a consulta non ser\u00e1n comunicados a terceiros, salvo autorizaci\u00f3n expresa ou obrigaci\u00f3n legal.<\/p>\n<h2>Conservaci\u00f3n dos datos<\/h2>\n<p>Os seus datos persoais conservaranse durante o tempo necesario para cumprir a finalidade para a cal se recolleron. Se os seus datos util\u00edzanse para varias finalidades que nos obrigan a conservalos durante prazos diferentes, aplicaremos o prazo de conservaci\u00f3n m\u00e1is longo e en todo caso conservaranse durante o tempo necesario para determinar as posibles responsabilidades que se puidesen derivar da devandita finalidade e do tratamento dos datos.<\/p>\n<h2>Dereitos das persoas interesadas<\/h2>\n<p>Calquera persoa ten dereito a acceder aos seus datos persoais, a actualizalos, rectificar os datos inexactos, solicitar a s\u00faa supresi\u00f3n, portabilidad ou a limitaci\u00f3n do tratamento, nese caso unicamente conservar\u00e9molos para o exercicio ou a defensa de reclamaci\u00f3ns. Tam\u00e9n poder\u00e1n opo\u00f1erse ao tratamento dos seus datos e \u00e1 elaboraci\u00f3n de perf\u00eds baseados no tratamento automatizado dos seus datos.<\/p>\n<p>Os interesados te\u00f1en dereito a revogar o consentimento prestado en calquera momento.<\/p>\n<p>Como consecuencia da aplicaci\u00f3n do dereito \u00e1 supresi\u00f3n ou oposici\u00f3n ao tratamento de datos persoais na contorna en li\u00f1a os interesados te\u00f1en o dereito ao esquecemento segundo a xurisprudencia que o Tribunal de Xustiza da UE determina.<\/p>\n<h2>Exercicio de Dereitos de Protecci\u00f3n de Datos<\/h2>\n<p>Os usuarios poden exercer os seus dereitos mediante escrito postal dirixido a Planeta M\u00e1xico con direcci\u00f3n R\u00faa das Hedras, 46-B, 15895, O Milladoiro-Ames, A Coru\u00f1a ou a trav\u00e9s do correo electr\u00f3nico planetamaxicomilladoiro@gmail.com.<\/p>\n<p>Se considera que os seus dereitos non se atenderon debidamente, ten dereito a presentar unha reclamaci\u00f3n #ante a Axencia Espa\u00f1ola de Protecci\u00f3n de Datos, con datos de contacto:<\/p>\n<ul>\n<li><strong>Direcci\u00f3n postal<\/strong>: C\/Jorge Juan, 6, 28.001-Madrid<\/li>\n<li><strong>P\u00e1xina web<\/strong>: www.aepd.es<\/li>\n<li><strong>Tel\u00e9fono<\/strong>: 901 100 099<\/li>\n<li><strong>Sede electr\u00f3nica<\/strong>: https:\/\/sedeagpd. gob.es\/sede- electronica-web\/<\/li>\n<\/ul>\n<h2>Redes sociais<\/h2>\n<p>Contamos con perfil en redes sociais, reco\u00f1ec\u00e9ndose en todos os casos responsable do tratamento dos datos dos seus seguidores, fans, subscritores, comentaristas e outros perf\u00eds de usuarios (en diante, seguidores). O tratamento que a entidade levar\u00e1 a cabo cos devanditos datos ser\u00e1, como m\u00e1ximo, o que a rede social permita aos perf\u00eds corporativos. As\u00ed pois, poderemos informar os seguidores por calquera v\u00eda que a rede social permita sobre as nosas actividades. En ning\u00fan caso extraeremos datos das redes sociais, a menos que se obtivese puntual e expresamente o consentimento da persoa usuaria para iso. Cando, debido \u00e1 propia natureza das redes sociais, o exercicio efectivo dos dereitos do seguidor quede supeditado \u00e1 modificaci\u00f3n do perfil persoal deste, compromet\u00e9monos a axudarlle e aconsellarlle a tal fin na medida das s\u00faas posibilidades.<\/p>\n<h2>Contido achegado polas persoas usuarias<\/h2>\n<p>Nas redes sociais, formularios, blogues e similares instrumentos as persoas usuarias poden realizar comentarios. Toda a informaci\u00f3n e comentarios que se reciban consideraranse cedidos a t\u00edtulo gratu\u00edto. A persoa usuaria non debe enviar informaci\u00f3n que non poida ser tratada desta forma.<\/p>\n<p>O titular da p\u00e1xina web res\u00e9rvase o dereito de publicar os comentarios que se env\u00eden e retirar todos aqueles que non estean relacionados co contido da entrada na que se realiza o comentario, vulneren a propiedade intelectual, o respecto \u00e1 dignidade da persoa, o dereito \u00e1 honra, a propia imaxe ou a intimidade, o dereito \u00e1 protecci\u00f3n de datos persoais, que sexan discriminatorios, xen\u00f3fobos, racistas, pornogr\u00e1ficos, que atenten contra a mocidade ou a infancia, a orde ou a seguridade p\u00fablica ou que, ao seu xu\u00edzo, resultasen ilegais ou, simplemente, non adecuados para a s\u00faa publicaci\u00f3n. Quen env\u00ede un comentario \u00e9 responsable de achegar contidos l\u00edcitos e das posibles responsabilidades que por calquera \u00edndole, poidan fornecer, inclu\u00edndo as eventuais indemnizaci\u00f3ns. En calquera caso o titular da p\u00e1xina web non se fai responsable das opini\u00f3ns vertidas polas persoas usuarias a trav\u00e9s das ferramentas de participaci\u00f3n, nin dos contidos. Aqueles comentarios ou contidos non publicados ou retirados ser\u00e1n destru\u00eddos.<\/p>\n<p>Tampouco se recomenda o env\u00edo p\u00fablico de informaci\u00f3n propia e moito menos de terceiros, e proh\u00edbese expresamente o incorporar datos sensibles ou que vulneren calquera tipo de dereito das persoas. Se a persoa usuaria incl\u00fae datos de car\u00e1cter persoal debe cumprir a normativa de protecci\u00f3n de datos. Respecto a os seus pode exercer os dereitos consignados no apartado anterior.<\/p>\n<h2>Contactos en Redes Sociais. Finalidades do tratamento en redes sociais<\/h2>\n<ul>\n<li>Relacionarnos contigo, informarche sobre os servizos\/produtos e novidades de Planeta M\u00e1xico e crear unha comunidade de seguidores.<\/li>\n<li>Contestar as t\u00faas consultas, solicitudes ou petici\u00f3ns.<\/li>\n<li>Xestionar o servizo solicitado, contestar a t\u00faa solicitude ou tramitar a t\u00faa petici\u00f3n.<\/li>\n<\/ul>\n<h2>Lexitimaci\u00f3n en redes sociais<\/h2>\n<p>Establ\u00e9cese en virtude da relaci\u00f3n contractual na contorna da rede social na que se cre a p\u00e1xina ou o perfil conforme \u00e1s s\u00faas pol\u00edticas de Privacidade:<\/p>\n<p>Twitter: https:\/\/twitter. com\/privacy<\/p>\n<h2>Tempo de conservaci\u00f3n dos datos persoais en redes sociais<\/h2>\n<p>S\u00f3 podemos consultar ou dar de baixa os teus datos en funci\u00f3n do perfil e a forma que nos permite a rede social. Tratar\u00e9molos durante o tempo en que sexas unha persoa seguidora, amiga ou lle d\u00e9s a \u201cg\u00fastame\u201d, \u201cseguir\u201d ou bot\u00f3ns similares.<\/p>\n<p>A rectificaci\u00f3n dos teus datos persoais ou a restrici\u00f3n da informaci\u00f3n ou publicaci\u00f3ns que compartes debes realizala a trav\u00e9s da configuraci\u00f3n do teu perfil ou persoa usuaria na propia rede social.<\/p>\n<h2>Datos persoais de terceiras persoas<\/h2>\n<p>Como norma xeral s\u00f3 tratamos os datos que nos facilitan os titulares. Se nos achegas datos de terceiros previamente deber\u00e1s informar e solicitar o seu consentimento \u00e1s devanditas persoas, quedando exenta Planeta M\u00e1xico\u00a0 de calquera responsabilidade polo incumprimento deste requisito.<\/p>\n<h2>Datos de menores<\/h2>\n<p>Non tratamos datos de menores de 14 anos polo que se non tes esa idade non nos facilites os teus datos ou os de terceiros que non te\u00f1an dita idade. Planeta M\u00e1xico\u00a0 ex\u00edmese de calquera responsabilidade polo incumprimento desta cl\u00e1usula.<\/p>\n<\/div><\/section><\/div>\n","protected":false},"excerpt":{"rendered":"","protected":false},"author":1,"featured_media":0,"parent":0,"menu_order":0,"comment_status":"open","ping_status":"open","template":"","meta":{"footnotes":""},"class_list":["post-6947","page","type-page","status-publish","hentry"],"yoast_head":"<!-- This site is optimized with the Yoast SEO plugin v27.5 - https:\/\/yoast.com\/product\/yoast-seo-wordpress\/ -->\n<title>Pol\u00edtica de Privacidade - Planeta Maxico<\/title>\n<meta name=\"robots\" content=\"noindex, nofollow\" \/>\n<meta property=\"og:locale\" content=\"gl_ES\" \/>\n<meta property=\"og:type\" content=\"article\" \/>\n<meta property=\"og:title\" content=\"Pol\u00edtica de Privacidade - Planeta Maxico\" \/>\n<meta property=\"og:url\" content=\"https:\/\/www.planetamaxico.com\/politica-de-privacidade\/\" \/>\n<meta property=\"og:site_name\" content=\"Planeta Maxico\" \/>\n<meta property=\"article:modified_time\" content=\"2024-11-25T13:12:55+00:00\" \/>\n<meta name=\"twitter:card\" content=\"summary_large_image\" \/>\n<meta name=\"twitter:label1\" content=\"Tempo de lectura\" \/>\n\t<meta name=\"twitter:data1\" content=\"8 minutos\" \/>\n<script type=\"application\/ld+json\" class=\"yoast-schema-graph\">{\"@context\":\"https:\\\/\\\/schema.org\",\"@graph\":[{\"@type\":\"WebPage\",\"@id\":\"https:\\\/\\\/www.planetamaxico.com\\\/politica-de-privacidade\\\/\",\"url\":\"https:\\\/\\\/www.planetamaxico.com\\\/politica-de-privacidade\\\/\",\"name\":\"Pol\u00edtica de Privacidade - Planeta Maxico\",\"isPartOf\":{\"@id\":\"https:\\\/\\\/www.planetamaxico.com\\\/#website\"},\"datePublished\":\"2024-11-21T20:23:15+00:00\",\"dateModified\":\"2024-11-25T13:12:55+00:00\",\"breadcrumb\":{\"@id\":\"https:\\\/\\\/www.planetamaxico.com\\\/politica-de-privacidade\\\/#breadcrumb\"},\"inLanguage\":\"gl-ES\",\"potentialAction\":[{\"@type\":\"ReadAction\",\"target\":[\"https:\\\/\\\/www.planetamaxico.com\\\/politica-de-privacidade\\\/\"]}]},{\"@type\":\"BreadcrumbList\",\"@id\":\"https:\\\/\\\/www.planetamaxico.com\\\/politica-de-privacidade\\\/#breadcrumb\",\"itemListElement\":[{\"@type\":\"ListItem\",\"position\":1,\"name\":\"Inicio\",\"item\":\"https:\\\/\\\/www.planetamaxico.com\\\/inicio\\\/\"},{\"@type\":\"ListItem\",\"position\":2,\"name\":\"Pol\u00edtica de Privacidade\"}]},{\"@type\":\"WebSite\",\"@id\":\"https:\\\/\\\/www.planetamaxico.com\\\/#website\",\"url\":\"https:\\\/\\\/www.planetamaxico.com\\\/\",\"name\":\"Planeta Maxico\",\"description\":\"Planeta Maxico\",\"potentialAction\":[{\"@type\":\"SearchAction\",\"target\":{\"@type\":\"EntryPoint\",\"urlTemplate\":\"https:\\\/\\\/www.planetamaxico.com\\\/?s={search_term_string}\"},\"query-input\":{\"@type\":\"PropertyValueSpecification\",\"valueRequired\":true,\"valueName\":\"search_term_string\"}}],\"inLanguage\":\"gl-ES\"}]}<\/script>\n<!-- \/ Yoast SEO plugin. -->","yoast_head_json":{"title":"Pol\u00edtica de Privacidade - Planeta Maxico","robots":{"index":"noindex","follow":"nofollow"},"og_locale":"gl_ES","og_type":"article","og_title":"Pol\u00edtica de Privacidade - Planeta Maxico","og_url":"https:\/\/www.planetamaxico.com\/politica-de-privacidade\/","og_site_name":"Planeta Maxico","article_modified_time":"2024-11-25T13:12:55+00:00","twitter_card":"summary_large_image","twitter_misc":{"Tempo de lectura":"8 minutos"},"schema":{"@context":"https:\/\/schema.org","@graph":[{"@type":"WebPage","@id":"https:\/\/www.planetamaxico.com\/politica-de-privacidade\/","url":"https:\/\/www.planetamaxico.com\/politica-de-privacidade\/","name":"Pol\u00edtica de Privacidade - Planeta Maxico","isPartOf":{"@id":"https:\/\/www.planetamaxico.com\/#website"},"datePublished":"2024-11-21T20:23:15+00:00","dateModified":"2024-11-25T13:12:55+00:00","breadcrumb":{"@id":"https:\/\/www.planetamaxico.com\/politica-de-privacidade\/#breadcrumb"},"inLanguage":"gl-ES","potentialAction":[{"@type":"ReadAction","target":["https:\/\/www.planetamaxico.com\/politica-de-privacidade\/"]}]},{"@type":"BreadcrumbList","@id":"https:\/\/www.planetamaxico.com\/politica-de-privacidade\/#breadcrumb","itemListElement":[{"@type":"ListItem","position":1,"name":"Inicio","item":"https:\/\/www.planetamaxico.com\/inicio\/"},{"@type":"ListItem","position":2,"name":"Pol\u00edtica de Privacidade"}]},{"@type":"WebSite","@id":"https:\/\/www.planetamaxico.com\/#website","url":"https:\/\/www.planetamaxico.com\/","name":"Planeta Maxico","description":"Planeta Maxico","potentialAction":[{"@type":"SearchAction","target":{"@type":"EntryPoint","urlTemplate":"https:\/\/www.planetamaxico.com\/?s={search_term_string}"},"query-input":{"@type":"PropertyValueSpecification","valueRequired":true,"valueName":"search_term_string"}}],"inLanguage":"gl-ES"}]}},"jetpack_sharing_enabled":true,"_links":{"self":[{"href":"https:\/\/www.planetamaxico.com\/gl\/wp-json\/wp\/v2\/pages\/6947","targetHints":{"allow":["GET"]}}],"collection":[{"href":"https:\/\/www.planetamaxico.com\/gl\/wp-json\/wp\/v2\/pages"}],"about":[{"href":"https:\/\/www.planetamaxico.com\/gl\/wp-json\/wp\/v2\/types\/page"}],"author":[{"embeddable":true,"href":"https:\/\/www.planetamaxico.com\/gl\/wp-json\/wp\/v2\/users\/1"}],"replies":[{"embeddable":true,"href":"https:\/\/www.planetamaxico.com\/gl\/wp-json\/wp\/v2\/comments?post=6947"}],"version-history":[{"count":5,"href":"https:\/\/www.planetamaxico.com\/gl\/wp-json\/wp\/v2\/pages\/6947\/revisions"}],"predecessor-version":[{"id":7016,"href":"https:\/\/www.planetamaxico.com\/gl\/wp-json\/wp\/v2\/pages\/6947\/revisions\/7016"}],"wp:attachment":[{"href":"https:\/\/www.planetamaxico.com\/gl\/wp-json\/wp\/v2\/media?parent=6947"}],"curies":[{"name":"wp","href":"https:\/\/api.w.org\/{rel}","templated":true}]}}