{"id":7010,"date":"2024-11-25T14:10:28","date_gmt":"2024-11-25T13:10:28","guid":{"rendered":"https:\/\/www.planetamaxico.com\/?page_id=7010"},"modified":"2024-11-25T14:11:41","modified_gmt":"2024-11-25T13:11:41","slug":"politica-de-cookies","status":"publish","type":"page","link":"https:\/\/www.planetamaxico.com\/gl\/politica-de-cookies\/","title":{"rendered":"Pol\u00edtica de Cookies"},"content":{"rendered":"\n<style type=\"text\/css\" data-created_by=\"avia_inline_auto\" id=\"style-css-av-2jabvm-0caf0f4cdbc85220353b1ba702b1eac2\">\n.avia-section.av-2jabvm-0caf0f4cdbc85220353b1ba702b1eac2{\nbackground-color:#f8f8f8;\nbackground-image:unset;\n}\n<\/style>\n<div id='av_section_1'  class='avia-section av-2jabvm-0caf0f4cdbc85220353b1ba702b1eac2 main_color avia-section-default avia-no-border-styling  avia-builder-el-0  el_before_av_one_full  avia-builder-el-first  avia-bg-style-scroll container_wrap sidebar_right'  ><div class='container av-section-cont-open' ><main  role=\"main\" itemprop=\"mainContentOfPage\"  class='template-page content  av-content-small alpha units'><div class='post-entry post-entry-type-page post-entry-7010'><div class='entry-content-wrapper clearfix'>\n\n<style type=\"text\/css\" data-created_by=\"avia_inline_auto\" id=\"style-css-av-m3x12qr4-d3909cae863354b4b6e61f38be5b90b7\">\n#top .av-special-heading.av-m3x12qr4-d3909cae863354b4b6e61f38be5b90b7{\npadding-bottom:10px;\ncolor:#a2825c;\n}\nbody .av-special-heading.av-m3x12qr4-d3909cae863354b4b6e61f38be5b90b7 .av-special-heading-tag .heading-char{\nfont-size:25px;\n}\n.av-special-heading.av-m3x12qr4-d3909cae863354b4b6e61f38be5b90b7 .special-heading-inner-border{\nborder-color:#a2825c;\n}\n.av-special-heading.av-m3x12qr4-d3909cae863354b4b6e61f38be5b90b7 .av-subheading{\nfont-size:10px;\n}\n<\/style>\n<div  class='av-special-heading av-m3x12qr4-d3909cae863354b4b6e61f38be5b90b7 av-special-heading-h1 custom-color-heading blockquote modern-quote  avia-builder-el-1  avia-builder-el-no-sibling '><h1 class='av-special-heading-tag '  itemprop=\"headline\"  >Pol\u00edtica de Cookies<\/h1><div class=\"special-heading-border\"><div class=\"special-heading-inner-border\"><\/div><\/div><\/div>\n<\/div><\/div><\/main><!-- close content main element --><\/div><\/div><div id='after_section_1'  class='main_color av_default_container_wrap container_wrap sidebar_right'  ><div class='container av-section-cont-open' ><div class='template-page content  av-content-small alpha units'><div class='post-entry post-entry-type-page post-entry-7010'><div class='entry-content-wrapper clearfix'>\n\n<style type=\"text\/css\" data-created_by=\"avia_inline_auto\" id=\"style-css-av-9ncm4p-ea2de9ad817b1b66dc3335302f70363c\">\n.flex_column.av-9ncm4p-ea2de9ad817b1b66dc3335302f70363c{\nborder-radius:0px 0px 0px 0px;\npadding:0px 0px 0px 0px;\n}\n<\/style>\n<div  class='flex_column av-9ncm4p-ea2de9ad817b1b66dc3335302f70363c av_one_full  avia-builder-el-2  el_after_av_section  avia-builder-el-no-sibling  first flex_column_div av-zero-column-padding  '     ><section  class='av_textblock_section av-m3wx0dsr-c5ac409b0ec72170fa8286d2cbc7ad45 '   itemscope=\"itemscope\" itemtype=\"https:\/\/schema.org\/CreativeWork\" ><div class='avia_textblock'  itemprop=\"text\" ><p>Sonia Mar\u00eda Rodr\u00edguez Regueiro, con enderezo para efectos de notificaci\u00f3ns na R\u00faa das hedras, 46-B, 15895 \u2013 O Milladoiro \u2013 Ames con NIF: 44821814N, informa sobre o uso de cookies na s\u00faa p\u00e1xina web: https:\/\/www.planetamaxico.com<\/p>\n<h2>Que son as cookies?<\/h2>\n<p>As cookies son ficheiros que se poden descargar no teu ordenador a trav\u00e9s de p\u00e1xinas web. Son ferramentas que xogan un papel esencial na prestaci\u00f3n de numerosos servizos da sociedade da informaci\u00f3n. Entre outras, permiten que un sitio web almacene e recupere informaci\u00f3n sobre os h\u00e1bitos de navegaci\u00f3n dun usuario ou do seu equipo e, en funci\u00f3n da informaci\u00f3n obtida, p\u00f3dense utilizar para reco\u00f1ecer ao usuario e mellorar o servizo ofrecido.<\/p>\n<h2>Tipos de cookies<\/h2>\n<p>Segundo quen sexa a entidade que xestione o dominio dende o que se env\u00edan as cookies e trate os datos obtidos, p\u00f3dense distinguir dous tipos:<\/p>\n<ul>\n<li>Cookies propias: aquelas que se env\u00edan ao equipo terminal do usuario desde un ordenador ou dominio xestionado polo propio editor e desde o que se presta o servizo solicitado polo usuario.<\/li>\n<li>Cookies de terceiros: aquelas que se env\u00edan ao equipo terminal do usuario desde un equipo ou dominio que non \u00e9 xestionado polo editor, sen\u00f3n por outra entidade que trata os datos obtidos a trav\u00e9s das cookies.<\/li>\n<\/ul>\n<p>No caso de que as cookies se instalen desde un ordenador ou dominio xestionado polo propio editor pero a informaci\u00f3n recollida a trav\u00e9s delas sexa xestionada por un terceiro, non poden ser consideradas cookies propias.<br \/>\nTam\u00e9n existe unha segunda clasificaci\u00f3n segundo o per\u00edodo de tempo que permanecen almacenados no navegador do cliente, que pode ser:<\/p>\n<ul>\n<li>Cookies de sesi\u00f3n: dese\u00f1adas para recoller e almacenar datos mentres o usuario accede a unha p\u00e1xina web. Adoitan utilizarse para almacenar informaci\u00f3n que s\u00f3 \u00e9 interesante conservar para a prestaci\u00f3n do servizo solicitado polo usuario nunha \u00fanica ocasi\u00f3n (por exemplo, unha lista de produtos adquiridos).<\/li>\n<li>Cookies persistentes: os datos seguen almacenados no terminal e poden ser accedidos e tratados durante un per\u00edodo definido polo responsable da cookie, que pode ir duns minutos a varios anos.<\/li>\n<\/ul>\n<p>Finalmente, existe outra clasificaci\u00f3n segundo a finalidade para a que se tratan os datos obtidos:<\/p>\n<ul>\n<li>Cookies t\u00e9cnicas: aquelas que permiten ao usuario navegar por unha p\u00e1xina web, plataforma ou aplicaci\u00f3n e utilizar as diferentes opci\u00f3ns ou servizos que nela existen, como, por exemplo, controlar o tr\u00e1fico e a comunicaci\u00f3n de datos, identificar a sesi\u00f3n, acceder a partes de acceso restrinxido , lembrar os elementos que compo\u00f1en un pedido, realizar o proceso de compra dun pedido, realizar unha solicitude de inscrici\u00f3n ou participaci\u00f3n nun evento, utilizar elementos de seguridade durante a navegaci\u00f3n, almacenar contidos para a difusi\u00f3n de v\u00eddeos ou son ou compartir contidos a trav\u00e9s das redes sociais. redes.<\/li>\n<li>Cookies de personalizaci\u00f3n: permiten ao usuario acceder ao servizo cunhas caracter\u00edsticas xerais predefinidas en funci\u00f3n dunha serie de criterios no terminal do usuario, como o idioma, o tipo de navegador a trav\u00e9s do que se accede ao servizo, a configuraci\u00f3n rexional desde onde accede. o servizo, etc.<\/li>\n<li>Cookies de an\u00e1lise: permiten ao responsable das mesmas controlar e analizar o comportamento dos usuarios dos sitios web aos que est\u00e1n vinculadas. A informaci\u00f3n recollida a trav\u00e9s deste tipo de cookies util\u00edzase para medir a actividade dos sitios web, aplicaci\u00f3ns ou plataformas e para elaborar perf\u00eds de navegaci\u00f3n dos usuarios dos devanditos sitios, aplicaci\u00f3ns e plataformas, co fin de introducir melloras en funci\u00f3n da an\u00e1lise dos datos de uso. realizados polos usuarios do servizo.<\/li>\n<li>Cookies publicitarias: permiten a xesti\u00f3n, da forma m\u00e1is eficiente posible, dos espazos publicitarios.<\/li>\n<li>Cookies de publicidade comportamental: almacenan informaci\u00f3n sobre o comportamento do usuario obtida mediante a observaci\u00f3n continua dos seus h\u00e1bitos de navegaci\u00f3n, o que permite elaborar un perfil espec\u00edfico para mostrar publicidade en funci\u00f3n del.<\/li>\n<li>Cookies de redes sociais externas: util\u00edzanse para que os visitantes poidan interactuar co contido de diferentes plataformas sociais (facebook, youtube, twitter, linkedln, etc.) e x\u00e9ranse s\u00f3 para os usuarios das devanditas redes sociais. As condici\u00f3ns de uso destas cookies e a informaci\u00f3n recollida est\u00e1n reguladas pola pol\u00edtica de privacidade da plataforma social correspondente.<br \/>\nDesactivaci\u00f3n e eliminaci\u00f3n de cookies<\/li>\n<\/ul>\n<p>Ten a opci\u00f3n de permitir, bloquear ou eliminar as cookies instaladas no seu ordenador mediante a configuraci\u00f3n das opci\u00f3ns do navegador instalado no seu ordenador. Ao desactivar as cookies, alg\u00fans dos servizos dispo\u00f1ibles poden deixar de estar operativos. A forma de desactivar as cookies \u00e9 diferente para cada navegador, pero normalmente podes h<\/p>\n<h2>Declaraci\u00f3n de cookies utilizadas en www.planetamaxico.com<\/h2>\n<table>\n<tbody>\n<tr>\n<td>COOKIE<\/td>\n<td>CATEGOR\u00cdA<\/td>\n<td>DESCRIPCI\u00d3N<\/td>\n<td>DURACI\u00d3N<\/td>\n<\/tr>\n<tr>\n<td>wordpress_<\/td>\n<td>2<\/td>\n<td>Cookie de WordPress para un usuario conectado<\/td>\n<td>Sesi\u00f3n<\/td>\n<\/tr>\n<tr>\n<td>wordpress_logged_in<\/td>\n<td>2<\/td>\n<td>Cookie de WordPress para un usuario conectado<\/td>\n<td>Sesi\u00f3n<\/td>\n<\/tr>\n<tr>\n<td>wordpress_test_<\/td>\n<td>2<\/td>\n<td>Cookie de WordPress para un usuario conectado<\/td>\n<td>Sesi\u00f3n<\/td>\n<\/tr>\n<tr>\n<td>wordpress_test_cookie<\/td>\n<td>2<\/td>\n<td>Cookie de prueba de WordPress<\/td>\n<td>Sesi\u00f3n<\/td>\n<\/tr>\n<tr>\n<td>wp-settings-<\/td>\n<td>1<\/td>\n<td>WordPress tam\u00e9n establece algunhas cookies wp-settings-[UID]. O n\u00famero final \u00e9 o ID de usuario individual da t\u00e1boa da base de datos de usuarios. Isto \u00fasase para personalizar a vista da interface de administraci\u00f3n, e posiblemente tam\u00e9n a interface principal do sitio. WordPress tam\u00e9n establece cookies para wp-settings-{time}-[UID]<\/td>\n<td>1 ano<\/td>\n<\/tr>\n<tr>\n<td>wp-settings-time-<\/td>\n<td>2<\/td>\n<td>O n\u00famero final \u00e9 o ID de usuario individual da t\u00e1boa da base de datos de usuarios. Isto \u00fasase para personalizar a vista da interface de administraci\u00f3n, e posiblemente tam\u00e9n a interface principal do sitio.<\/td>\n<td>1 ano<\/td>\n<\/tr>\n<tr>\n<td>PHPSESSID<\/td>\n<td>1<\/td>\n<td>Para identificar unha \u00fanica sesi\u00f3n no sitio web.<\/td>\n<td>Sesi\u00f3n<\/td>\n<\/tr>\n<tr>\n<td>SESS<\/td>\n<td>1<\/td>\n<td>Para garantir que se lle reco\u00f1ece cando se move dunha p\u00e1xina a outra dentro do sitio e que se lembrar\u00e1 calquera informaci\u00f3n que introduciu.<\/td>\n<td>Sesi\u00f3n<\/td>\n<\/tr>\n<tr>\n<td>_ga<\/td>\n<td>2<\/td>\n<td>Cookie de Google Analytics que habilita a funci\u00f3n \u00fanica de control de visitas. A primeira vez que un usuario entre ao sitio web a trav\u00e9s dun navegador, esta cookie instalarase. Cando este usuario volva entrar no sitio web co mesmo navegador, a cookie considerar\u00e1 que \u00e9 o mesmo usuario. S\u00f3 no caso de que o usuario cambie de navegador ser\u00e1 considerado outro usuario.<\/td>\n<td>2 anos<\/td>\n<\/tr>\n<tr>\n<td>CookieLawInfoConsent<\/td>\n<td><\/td>\n<td><span id=\"result_box5\" lang=\"es\">Esta cookie foi establecida polo complemento de consentimento de cookies do GDPR. Garda o consentimento do usuario<br \/>\n<\/span><\/td>\n<td>Sesi\u00f3n<\/td>\n<\/tr>\n<tr>\n<td>Cookielawinfo-checkbox-non-necesary<\/td>\n<td><\/td>\n<td>Esta cookie foi establecida polo complemento de consentimento de cookies do GDPR. Util\u00edzase para almacenar o consentimento do usuario para as cookies na categor\u00eda &#8220;non necesarias&#8221;.<\/td>\n<td>Sesi\u00f3n<\/td>\n<\/tr>\n<tr>\n<td>Cookielawinfo-checkbox-necesary<\/td>\n<td><\/td>\n<td>Esta cookie foi establecida polo complemento de consentimento de cookies do GDPR. As cookies \u00fasanse para almacenar o consentimento do usuario para as cookies na categor\u00eda &#8220;Necesarias&#8221;.<\/td>\n<td>Sesi\u00f3n<\/td>\n<\/tr>\n<\/tbody>\n<\/table>\n<h2>Aceptaci\u00f3n da Pol\u00edtica de cookies<\/h2>\n<p><a href=\"https:\/\/www.planetamaxico.com\">www.planetamaxico.com<\/a> asume que acepta o uso de cookies. Non obstante, mostra informaci\u00f3n sobre a s\u00faa pol\u00edtica de cookies na parte inferior ou superior de calquera p\u00e1xina do portal con cada inicio de sesi\u00f3n para que estea ao tanto.<\/p>\n<p>Ante esta informaci\u00f3n, \u00e9 posible levar a cabo as seguintes actuaci\u00f3ns:<\/p>\n<ul>\n<li>Aceptar cookies. Este aviso non se mostrar\u00e1 de novo ao acceder a calquera p\u00e1xina do portal durante esta sesi\u00f3n.<\/li>\n<li>Pechar. O aviso est\u00e1 oculto nesta p\u00e1xina.<\/li>\n<li>Modificar a t\u00faa configuraci\u00f3n.<\/li>\n<\/ul>\n<p>Podes obter m\u00e1is informaci\u00f3n sobre o que son as cookies, co\u00f1ecer a Pol\u00edtica de Cookies de <a href=\"https:\/\/www.planetamaxico.com\">www.planetamaxico.com<\/a> e modificar a configuraci\u00f3n do teu navegador.<\/p>\n<\/div><\/section><\/div>\n","protected":false},"excerpt":{"rendered":"","protected":false},"author":1,"featured_media":0,"parent":0,"menu_order":0,"comment_status":"open","ping_status":"closed","template":"","meta":{"footnotes":""},"class_list":["post-7010","page","type-page","status-publish","hentry"],"yoast_head":"<!-- This site is optimized with the Yoast SEO plugin v27.5 - https:\/\/yoast.com\/product\/yoast-seo-wordpress\/ -->\n<title>Pol\u00edtica de Cookies - Planeta Maxico<\/title>\n<meta name=\"robots\" content=\"noindex, nofollow\" \/>\n<meta property=\"og:locale\" content=\"gl_ES\" \/>\n<meta property=\"og:type\" content=\"article\" \/>\n<meta property=\"og:title\" content=\"Pol\u00edtica de Cookies - Planeta Maxico\" \/>\n<meta property=\"og:url\" content=\"https:\/\/www.planetamaxico.com\/politica-de-cookies\/\" \/>\n<meta property=\"og:site_name\" content=\"Planeta Maxico\" \/>\n<meta property=\"article:modified_time\" content=\"2024-11-25T13:11:41+00:00\" \/>\n<meta name=\"twitter:card\" content=\"summary_large_image\" \/>\n<meta name=\"twitter:label1\" content=\"Tempo de lectura\" \/>\n\t<meta name=\"twitter:data1\" content=\"6 minutos\" \/>\n<script type=\"application\/ld+json\" class=\"yoast-schema-graph\">{\"@context\":\"https:\\\/\\\/schema.org\",\"@graph\":[{\"@type\":\"WebPage\",\"@id\":\"https:\\\/\\\/www.planetamaxico.com\\\/politica-de-cookies\\\/\",\"url\":\"https:\\\/\\\/www.planetamaxico.com\\\/politica-de-cookies\\\/\",\"name\":\"Pol\u00edtica de Cookies - Planeta Maxico\",\"isPartOf\":{\"@id\":\"https:\\\/\\\/www.planetamaxico.com\\\/#website\"},\"datePublished\":\"2024-11-25T13:10:28+00:00\",\"dateModified\":\"2024-11-25T13:11:41+00:00\",\"breadcrumb\":{\"@id\":\"https:\\\/\\\/www.planetamaxico.com\\\/politica-de-cookies\\\/#breadcrumb\"},\"inLanguage\":\"gl-ES\",\"potentialAction\":[{\"@type\":\"ReadAction\",\"target\":[\"https:\\\/\\\/www.planetamaxico.com\\\/politica-de-cookies\\\/\"]}]},{\"@type\":\"BreadcrumbList\",\"@id\":\"https:\\\/\\\/www.planetamaxico.com\\\/politica-de-cookies\\\/#breadcrumb\",\"itemListElement\":[{\"@type\":\"ListItem\",\"position\":1,\"name\":\"Inicio\",\"item\":\"https:\\\/\\\/www.planetamaxico.com\\\/inicio\\\/\"},{\"@type\":\"ListItem\",\"position\":2,\"name\":\"Pol\u00edtica de Cookies\"}]},{\"@type\":\"WebSite\",\"@id\":\"https:\\\/\\\/www.planetamaxico.com\\\/#website\",\"url\":\"https:\\\/\\\/www.planetamaxico.com\\\/\",\"name\":\"Planeta Maxico\",\"description\":\"Planeta Maxico\",\"potentialAction\":[{\"@type\":\"SearchAction\",\"target\":{\"@type\":\"EntryPoint\",\"urlTemplate\":\"https:\\\/\\\/www.planetamaxico.com\\\/?s={search_term_string}\"},\"query-input\":{\"@type\":\"PropertyValueSpecification\",\"valueRequired\":true,\"valueName\":\"search_term_string\"}}],\"inLanguage\":\"gl-ES\"}]}<\/script>\n<!-- \/ Yoast SEO plugin. -->","yoast_head_json":{"title":"Pol\u00edtica de Cookies - Planeta Maxico","robots":{"index":"noindex","follow":"nofollow"},"og_locale":"gl_ES","og_type":"article","og_title":"Pol\u00edtica de Cookies - Planeta Maxico","og_url":"https:\/\/www.planetamaxico.com\/politica-de-cookies\/","og_site_name":"Planeta Maxico","article_modified_time":"2024-11-25T13:11:41+00:00","twitter_card":"summary_large_image","twitter_misc":{"Tempo de lectura":"6 minutos"},"schema":{"@context":"https:\/\/schema.org","@graph":[{"@type":"WebPage","@id":"https:\/\/www.planetamaxico.com\/politica-de-cookies\/","url":"https:\/\/www.planetamaxico.com\/politica-de-cookies\/","name":"Pol\u00edtica de Cookies - Planeta Maxico","isPartOf":{"@id":"https:\/\/www.planetamaxico.com\/#website"},"datePublished":"2024-11-25T13:10:28+00:00","dateModified":"2024-11-25T13:11:41+00:00","breadcrumb":{"@id":"https:\/\/www.planetamaxico.com\/politica-de-cookies\/#breadcrumb"},"inLanguage":"gl-ES","potentialAction":[{"@type":"ReadAction","target":["https:\/\/www.planetamaxico.com\/politica-de-cookies\/"]}]},{"@type":"BreadcrumbList","@id":"https:\/\/www.planetamaxico.com\/politica-de-cookies\/#breadcrumb","itemListElement":[{"@type":"ListItem","position":1,"name":"Inicio","item":"https:\/\/www.planetamaxico.com\/inicio\/"},{"@type":"ListItem","position":2,"name":"Pol\u00edtica de Cookies"}]},{"@type":"WebSite","@id":"https:\/\/www.planetamaxico.com\/#website","url":"https:\/\/www.planetamaxico.com\/","name":"Planeta Maxico","description":"Planeta Maxico","potentialAction":[{"@type":"SearchAction","target":{"@type":"EntryPoint","urlTemplate":"https:\/\/www.planetamaxico.com\/?s={search_term_string}"},"query-input":{"@type":"PropertyValueSpecification","valueRequired":true,"valueName":"search_term_string"}}],"inLanguage":"gl-ES"}]}},"jetpack_sharing_enabled":true,"_links":{"self":[{"href":"https:\/\/www.planetamaxico.com\/gl\/wp-json\/wp\/v2\/pages\/7010","targetHints":{"allow":["GET"]}}],"collection":[{"href":"https:\/\/www.planetamaxico.com\/gl\/wp-json\/wp\/v2\/pages"}],"about":[{"href":"https:\/\/www.planetamaxico.com\/gl\/wp-json\/wp\/v2\/types\/page"}],"author":[{"embeddable":true,"href":"https:\/\/www.planetamaxico.com\/gl\/wp-json\/wp\/v2\/users\/1"}],"replies":[{"embeddable":true,"href":"https:\/\/www.planetamaxico.com\/gl\/wp-json\/wp\/v2\/comments?post=7010"}],"version-history":[{"count":3,"href":"https:\/\/www.planetamaxico.com\/gl\/wp-json\/wp\/v2\/pages\/7010\/revisions"}],"predecessor-version":[{"id":7012,"href":"https:\/\/www.planetamaxico.com\/gl\/wp-json\/wp\/v2\/pages\/7010\/revisions\/7012"}],"wp:attachment":[{"href":"https:\/\/www.planetamaxico.com\/gl\/wp-json\/wp\/v2\/media?parent=7010"}],"curies":[{"name":"wp","href":"https:\/\/api.w.org\/{rel}","templated":true}]}}