{"id":7025,"date":"2026-01-01T11:41:55","date_gmt":"2026-01-01T10:41:55","guid":{"rendered":"https:\/\/www.planetamaxico.com\/?page_id=7025"},"modified":"2026-01-01T12:26:01","modified_gmt":"2026-01-01T11:26:01","slug":"normas-celebracion-aniversario","status":"publish","type":"page","link":"https:\/\/www.planetamaxico.com\/gl\/normas-celebracion-aniversario\/","title":{"rendered":"Normas para a celebraci\u00f3n do aniversario"},"content":{"rendered":"\n<style type=\"text\/css\" data-created_by=\"avia_inline_auto\" id=\"style-css-av-1y6q5f-6c796b360e3ee3036290b51465e1de8a\">\n.avia-section.av-1y6q5f-6c796b360e3ee3036290b51465e1de8a{\nbackground-color:#f8f8f8;\nbackground-image:unset;\n}\n<\/style>\n<div id='av_section_1'  class='avia-section av-1y6q5f-6c796b360e3ee3036290b51465e1de8a main_color avia-section-default avia-no-border-styling  avia-builder-el-0  el_before_av_one_full  avia-builder-el-first  avia-bg-style-scroll container_wrap sidebar_right'  ><div class='container av-section-cont-open' ><main  role=\"main\" itemprop=\"mainContentOfPage\"  class='template-page content  av-content-small alpha units'><div class='post-entry post-entry-type-page post-entry-7025'><div class='entry-content-wrapper clearfix'>\n\n<style type=\"text\/css\" data-created_by=\"avia_inline_auto\" id=\"style-css-av-m3rsz86h-742076c15596c6fd27e801225ea84d06\">\n#top .av-special-heading.av-m3rsz86h-742076c15596c6fd27e801225ea84d06{\npadding-bottom:10px;\ncolor:#a2825c;\n}\nbody .av-special-heading.av-m3rsz86h-742076c15596c6fd27e801225ea84d06 .av-special-heading-tag .heading-char{\nfont-size:25px;\n}\n.av-special-heading.av-m3rsz86h-742076c15596c6fd27e801225ea84d06 .special-heading-inner-border{\nborder-color:#a2825c;\n}\n.av-special-heading.av-m3rsz86h-742076c15596c6fd27e801225ea84d06 .av-subheading{\nfont-size:10px;\n}\n<\/style>\n<div  class='av-special-heading av-m3rsz86h-742076c15596c6fd27e801225ea84d06 av-special-heading-h1 custom-color-heading blockquote modern-quote  avia-builder-el-1  avia-builder-el-no-sibling '><h1 class='av-special-heading-tag '  itemprop=\"headline\"  >Normas para a celebraci\u00f3n do aniversario<\/h1><div class=\"special-heading-border\"><div class=\"special-heading-inner-border\"><\/div><\/div><\/div>\n<\/div><\/div><\/main><!-- close content main element --><\/div><\/div><div id='after_section_1'  class='main_color av_default_container_wrap container_wrap sidebar_right'  ><div class='container av-section-cont-open' ><div class='template-page content  av-content-small alpha units'><div class='post-entry post-entry-type-page post-entry-7025'><div class='entry-content-wrapper clearfix'>\n\n<style type=\"text\/css\" data-created_by=\"avia_inline_auto\" id=\"style-css-av-av_one_full-f1f88be822a74ccd78731c222cb053c2\">\n.flex_column.av-av_one_full-f1f88be822a74ccd78731c222cb053c2{\nborder-radius:0px 0px 0px 0px;\npadding:0px 0px 0px 0px;\n}\n<\/style>\n<div  class='flex_column av-av_one_full-f1f88be822a74ccd78731c222cb053c2 av_one_full  avia-builder-el-2  el_after_av_section  avia-builder-el-no-sibling  first flex_column_div av-zero-column-padding  '     ><section  class='av_textblock_section av-mjvczj59-741d735e08a7ef76728e4a1b9a6227cf '   itemscope=\"itemscope\" itemtype=\"https:\/\/schema.org\/CreativeWork\" ><div class='avia_textblock'  itemprop=\"text\" ><ol id=\"normativa\">\n<li><strong>Que incl\u00fae a celebraci\u00f3n dos aniversarios:<\/strong>\n<ul>\n<li>Tarde ou ma\u00f1\u00e1 de xogo segundo horario especificado na invitaci\u00f3n.<\/li>\n<li>De martes a domingo: de 17:00 a 20:30.<\/li>\n<li>S\u00e1bado ou domingo de ma\u00f1\u00e1: de 11:00 a 13:45<\/li>\n<li>Unha invitaci\u00f3n dixital por aniversarios, merenda, pintacaras e bolsa de chuches.<\/li>\n<\/ul>\n<\/li>\n<li><strong>RESERVA<\/strong>:\n<ul>\n<li><strong>Datos necesarios<\/strong>:\n<ul>\n<li>Nome de todos os cumplea\u00f1eros, idade, n\u00famero aproximado de invitados, tel\u00e9fono de contacto.<\/li>\n<li>No caso de reservar a opci\u00f3n de aniversario \u00fanico cobrarase unha fianza de 60\u20ac. En caso de cancelaci\u00f3n non se devolver\u00e1. Poderase cambiar a data ou facer un bono para xogo por horas.<\/li>\n<\/ul>\n<\/li>\n<li><strong>Tres d\u00edas antes da celebraci\u00f3n<\/strong>:\n<ul>\n<li>Confirmar por Whatsapp n\u00famero definitivo de asistentes, men\u00fa, as\u00ed como posibles alerxias ou intolerancias, as\u00ed como a opci\u00f3n de combo ou picoteo dos adultos.<\/li>\n<\/ul>\n<\/li>\n<\/ul>\n<\/li>\n<li><strong>Outras cosas para ter en conta:<\/strong>\n<ul>\n<li>As instalaci\u00f3ns son para nenos de entre 2 e 10 anos. Os menores de 2 anos nin maiores de 10 poder\u00e1n acceder.<\/li>\n<li>Cobraranse os asistentes confirmados 3 d\u00edas antes.<\/li>\n<li>Non se admite comida nin bebida do exterior.<\/li>\n<li>\u00c9 obrigatorio o uso de calcet\u00edns antiescorregadizos.<\/li>\n<li>Calquera neno\/a que acceda \u00e1 zona de xogo deber\u00e1 depositar os zapatos en recepci\u00f3n e abonar o tempo de xogo. En caso de incumprir a devandita norma cobrarase a ma\u00f1\u00e1 \/tarde decata de xogo.<\/li>\n<li>En caso de contratar a opci\u00f3n de picoteo para os pais non se poder\u00e1 acceder \u00e1 zona de merenda dos nenos nin de xogo coas consumici\u00f3ns.<\/li>\n<li>Os nenos non poder\u00e1n acceder \u00e1 zona de xogo con comida ou bebida.<\/li>\n<li>A merenda dos nenos, no caso de que sobre, prepararase para levar a casa. Non se serve en cafeter\u00eda.<\/li>\n<li>Os pais deber\u00e1n permanecer na zona de cafeter\u00eda.<\/li>\n<\/ul>\n<\/li>\n<\/ol>\n<\/div><\/section><\/div>\n","protected":false},"excerpt":{"rendered":"","protected":false},"author":1,"featured_media":0,"parent":0,"menu_order":0,"comment_status":"open","ping_status":"open","template":"","meta":{"footnotes":""},"class_list":["post-7025","page","type-page","status-publish","hentry"],"yoast_head":"<!-- This site is optimized with the Yoast SEO plugin v27.5 - https:\/\/yoast.com\/product\/yoast-seo-wordpress\/ -->\n<title>Normas para a celebraci\u00f3n do aniversario - Planeta Maxico<\/title>\n<meta name=\"robots\" content=\"noindex, follow\" \/>\n<meta property=\"og:locale\" content=\"gl_ES\" \/>\n<meta property=\"og:type\" content=\"article\" \/>\n<meta property=\"og:title\" content=\"Normas para a celebraci\u00f3n do aniversario - Planeta Maxico\" \/>\n<meta property=\"og:url\" content=\"https:\/\/www.planetamaxico.com\/gl\/normas-celebracion-aniversario\/\" \/>\n<meta property=\"og:site_name\" content=\"Planeta Maxico\" \/>\n<meta property=\"article:modified_time\" content=\"2026-01-01T11:26:01+00:00\" \/>\n<meta name=\"twitter:card\" content=\"summary_large_image\" \/>\n<meta name=\"twitter:label1\" content=\"Tempo de lectura\" \/>\n\t<meta name=\"twitter:data1\" content=\"2 minutos\" \/>\n<script type=\"application\/ld+json\" class=\"yoast-schema-graph\">{\"@context\":\"https:\\\/\\\/schema.org\",\"@graph\":[{\"@type\":\"WebPage\",\"@id\":\"https:\\\/\\\/www.planetamaxico.com\\\/gl\\\/normas-celebracion-aniversario\\\/\",\"url\":\"https:\\\/\\\/www.planetamaxico.com\\\/gl\\\/normas-celebracion-aniversario\\\/\",\"name\":\"Normas para a celebraci\u00f3n do aniversario - Planeta Maxico\",\"isPartOf\":{\"@id\":\"https:\\\/\\\/www.planetamaxico.com\\\/#website\"},\"datePublished\":\"2026-01-01T10:41:55+00:00\",\"dateModified\":\"2026-01-01T11:26:01+00:00\",\"breadcrumb\":{\"@id\":\"https:\\\/\\\/www.planetamaxico.com\\\/gl\\\/normas-celebracion-aniversario\\\/#breadcrumb\"},\"inLanguage\":\"gl-ES\",\"potentialAction\":[{\"@type\":\"ReadAction\",\"target\":[\"https:\\\/\\\/www.planetamaxico.com\\\/gl\\\/normas-celebracion-aniversario\\\/\"]}]},{\"@type\":\"BreadcrumbList\",\"@id\":\"https:\\\/\\\/www.planetamaxico.com\\\/gl\\\/normas-celebracion-aniversario\\\/#breadcrumb\",\"itemListElement\":[{\"@type\":\"ListItem\",\"position\":1,\"name\":\"Inicio\",\"item\":\"https:\\\/\\\/www.planetamaxico.com\\\/inicio\\\/\"},{\"@type\":\"ListItem\",\"position\":2,\"name\":\"Normas para a celebraci\u00f3n do aniversario\"}]},{\"@type\":\"WebSite\",\"@id\":\"https:\\\/\\\/www.planetamaxico.com\\\/#website\",\"url\":\"https:\\\/\\\/www.planetamaxico.com\\\/\",\"name\":\"Planeta Maxico\",\"description\":\"Planeta Maxico\",\"potentialAction\":[{\"@type\":\"SearchAction\",\"target\":{\"@type\":\"EntryPoint\",\"urlTemplate\":\"https:\\\/\\\/www.planetamaxico.com\\\/?s={search_term_string}\"},\"query-input\":{\"@type\":\"PropertyValueSpecification\",\"valueRequired\":true,\"valueName\":\"search_term_string\"}}],\"inLanguage\":\"gl-ES\"}]}<\/script>\n<!-- \/ Yoast SEO plugin. -->","yoast_head_json":{"title":"Normas para a celebraci\u00f3n do aniversario - Planeta Maxico","robots":{"index":"noindex","follow":"follow"},"og_locale":"gl_ES","og_type":"article","og_title":"Normas para a celebraci\u00f3n do aniversario - Planeta Maxico","og_url":"https:\/\/www.planetamaxico.com\/gl\/normas-celebracion-aniversario\/","og_site_name":"Planeta Maxico","article_modified_time":"2026-01-01T11:26:01+00:00","twitter_card":"summary_large_image","twitter_misc":{"Tempo de lectura":"2 minutos"},"schema":{"@context":"https:\/\/schema.org","@graph":[{"@type":"WebPage","@id":"https:\/\/www.planetamaxico.com\/gl\/normas-celebracion-aniversario\/","url":"https:\/\/www.planetamaxico.com\/gl\/normas-celebracion-aniversario\/","name":"Normas para a celebraci\u00f3n do aniversario - Planeta Maxico","isPartOf":{"@id":"https:\/\/www.planetamaxico.com\/#website"},"datePublished":"2026-01-01T10:41:55+00:00","dateModified":"2026-01-01T11:26:01+00:00","breadcrumb":{"@id":"https:\/\/www.planetamaxico.com\/gl\/normas-celebracion-aniversario\/#breadcrumb"},"inLanguage":"gl-ES","potentialAction":[{"@type":"ReadAction","target":["https:\/\/www.planetamaxico.com\/gl\/normas-celebracion-aniversario\/"]}]},{"@type":"BreadcrumbList","@id":"https:\/\/www.planetamaxico.com\/gl\/normas-celebracion-aniversario\/#breadcrumb","itemListElement":[{"@type":"ListItem","position":1,"name":"Inicio","item":"https:\/\/www.planetamaxico.com\/inicio\/"},{"@type":"ListItem","position":2,"name":"Normas para a celebraci\u00f3n do aniversario"}]},{"@type":"WebSite","@id":"https:\/\/www.planetamaxico.com\/#website","url":"https:\/\/www.planetamaxico.com\/","name":"Planeta Maxico","description":"Planeta Maxico","potentialAction":[{"@type":"SearchAction","target":{"@type":"EntryPoint","urlTemplate":"https:\/\/www.planetamaxico.com\/?s={search_term_string}"},"query-input":{"@type":"PropertyValueSpecification","valueRequired":true,"valueName":"search_term_string"}}],"inLanguage":"gl-ES"}]}},"jetpack_sharing_enabled":true,"_links":{"self":[{"href":"https:\/\/www.planetamaxico.com\/gl\/wp-json\/wp\/v2\/pages\/7025","targetHints":{"allow":["GET"]}}],"collection":[{"href":"https:\/\/www.planetamaxico.com\/gl\/wp-json\/wp\/v2\/pages"}],"about":[{"href":"https:\/\/www.planetamaxico.com\/gl\/wp-json\/wp\/v2\/types\/page"}],"author":[{"embeddable":true,"href":"https:\/\/www.planetamaxico.com\/gl\/wp-json\/wp\/v2\/users\/1"}],"replies":[{"embeddable":true,"href":"https:\/\/www.planetamaxico.com\/gl\/wp-json\/wp\/v2\/comments?post=7025"}],"version-history":[{"count":5,"href":"https:\/\/www.planetamaxico.com\/gl\/wp-json\/wp\/v2\/pages\/7025\/revisions"}],"predecessor-version":[{"id":7186,"href":"https:\/\/www.planetamaxico.com\/gl\/wp-json\/wp\/v2\/pages\/7025\/revisions\/7186"}],"wp:attachment":[{"href":"https:\/\/www.planetamaxico.com\/gl\/wp-json\/wp\/v2\/media?parent=7025"}],"curies":[{"name":"wp","href":"https:\/\/api.w.org\/{rel}","templated":true}]}}