{"id":7156,"date":"2025-12-01T00:01:44","date_gmt":"2025-11-30T23:01:44","guid":{"rendered":"https:\/\/www.planetamaxico.com\/?page_id=7156"},"modified":"2026-04-28T20:44:13","modified_gmt":"2026-04-28T18:44:13","slug":"menu-nais-e-pais","status":"publish","type":"page","link":"https:\/\/www.planetamaxico.com\/gl\/menu-nais-e-pais\/","title":{"rendered":"Menu Nais e Pais"},"content":{"rendered":"\n<style type=\"text\/css\" data-created_by=\"avia_inline_auto\" id=\"style-css-av-2q50n2-5a9bd41395f4c669c25711085023b466\">\n.avia-section.av-2q50n2-5a9bd41395f4c669c25711085023b466{\nbackground-color:#f8f8f8;\nbackground-image:unset;\n}\n<\/style>\n<div id='av_section_1'  class='avia-section av-2q50n2-5a9bd41395f4c669c25711085023b466 main_color avia-section-default avia-no-border-styling  avia-builder-el-0  el_before_av_section  avia-builder-el-first  avia-bg-style-scroll container_wrap sidebar_right'  ><div class='container av-section-cont-open' ><main  role=\"main\" itemprop=\"mainContentOfPage\"  class='template-page content  av-content-small alpha units'><div class='post-entry post-entry-type-page post-entry-7156'><div class='entry-content-wrapper clearfix'>\n\n<style type=\"text\/css\" data-created_by=\"avia_inline_auto\" id=\"style-css-av-m29i5iwo-c2b8ebcc6ba89b2b50a9c86004316fd1\">\n#top .av-special-heading.av-m29i5iwo-c2b8ebcc6ba89b2b50a9c86004316fd1{\npadding-bottom:10px;\ncolor:#a2825c;\n}\nbody .av-special-heading.av-m29i5iwo-c2b8ebcc6ba89b2b50a9c86004316fd1 .av-special-heading-tag .heading-char{\nfont-size:25px;\n}\n.av-special-heading.av-m29i5iwo-c2b8ebcc6ba89b2b50a9c86004316fd1 .special-heading-inner-border{\nborder-color:#a2825c;\n}\n.av-special-heading.av-m29i5iwo-c2b8ebcc6ba89b2b50a9c86004316fd1 .av-subheading{\nfont-size:10px;\n}\n<\/style>\n<div  class='av-special-heading av-m29i5iwo-c2b8ebcc6ba89b2b50a9c86004316fd1 av-special-heading-h1 custom-color-heading blockquote modern-quote  avia-builder-el-1  avia-builder-el-no-sibling '><h1 class='av-special-heading-tag '  itemprop=\"headline\"  >Men\u00fa Nais e Pais<\/h1><div class=\"special-heading-border\"><div class=\"special-heading-inner-border\"><\/div><\/div><\/div>\n\n<\/div><\/div><\/main><!-- close content main element --><\/div><\/div>\n<style type=\"text\/css\" data-created_by=\"avia_inline_auto\" id=\"style-css-av-vsi4lq-0ec34907889bc8fca8c0946d7937a236\">\n.avia-section.av-vsi4lq-0ec34907889bc8fca8c0946d7937a236{\nbackground-color:#698999;\nbackground-image:unset;\n}\n<\/style>\n<div id='av_section_2'  class='avia-section av-vsi4lq-0ec34907889bc8fca8c0946d7937a236 main_color avia-section-default avia-no-shadow  avia-builder-el-2  el_after_av_section  el_before_av_section  avia-bg-style-scroll container_wrap sidebar_right'  ><div class='container av-section-cont-open' ><div class='template-page content  av-content-small alpha units'><div class='post-entry post-entry-type-page post-entry-7156'><div class='entry-content-wrapper clearfix'>\n\n<style type=\"text\/css\" data-created_by=\"avia_inline_auto\" id=\"style-css-av-u47rvy-4f3eb4a81ab59991eefbad48eb5cd794\">\n#top .av-special-heading.av-u47rvy-4f3eb4a81ab59991eefbad48eb5cd794{\npadding-bottom:25px;\n}\nbody .av-special-heading.av-u47rvy-4f3eb4a81ab59991eefbad48eb5cd794 .av-special-heading-tag .heading-char{\nfont-size:25px;\n}\n.av-special-heading.av-u47rvy-4f3eb4a81ab59991eefbad48eb5cd794 .av-subheading{\nfont-size:15px;\n}\n<\/style>\n<div  class='av-special-heading av-u47rvy-4f3eb4a81ab59991eefbad48eb5cd794 av-special-heading-h2 blockquote modern-quote modern-centered  avia-builder-el-3  el_before_av_one_fifth  avia-builder-el-first '><h2 class='av-special-heading-tag '  itemprop=\"headline\"  ><strong>Picoteo<\/strong> para nais e pais<\/h2><div class=\"special-heading-border\"><div class=\"special-heading-inner-border\"><\/div><\/div><\/div>\n\n<style type=\"text\/css\" data-created_by=\"avia_inline_auto\" id=\"style-css-av-t8yimm-fe50b98c006e96b920de727f4cb1ad6f\">\n.flex_column.av-t8yimm-fe50b98c006e96b920de727f4cb1ad6f{\nborder-radius:0px 0px 0px 0px;\npadding:0px 0px 0px 0px;\n}\n<\/style>\n<div  class='flex_column av-t8yimm-fe50b98c006e96b920de727f4cb1ad6f av_one_fifth  avia-builder-el-4  el_after_av_heading  el_before_av_three_fifth  first flex_column_div av-zero-column-padding  '     ><\/div>\n<style type=\"text\/css\" data-created_by=\"avia_inline_auto\" id=\"style-css-av-qyd1vi-7e206aea84ac36703d64d70eb71bf439\">\n.flex_column.av-qyd1vi-7e206aea84ac36703d64d70eb71bf439{\nborder-radius:0px 0px 0px 0px;\npadding:0px 0px 0px 0px;\n}\n<\/style>\n<div  class='flex_column av-qyd1vi-7e206aea84ac36703d64d70eb71bf439 av_three_fifth  avia-builder-el-5  el_after_av_one_fifth  el_before_av_one_fifth  flex_column_div av-zero-column-padding  '     ><div  class='av-catalogue-container av-qeyj9q-5ecb0d0219994c2c216947ad2ef8a67e  avia-builder-el-6  avia-builder-el-no-sibling '><ul class='av-catalogue-list'>\n<li><div class='av-catalogue-item av-dm6bce-69e3ea90ebe091a03f1597881800c246' ><div class=\"av-catalogue-item-inner\"><div class=\"av-catalogue-title-container\"><div class='av-catalogue-title'>Bandexa mini hamburguesas<\/div><div class='av-catalogue-price'>15\u20ac<\/div><\/div><div class=\"av-catalogue-content\"><\/div><\/div><\/div><\/li>\n<li><div class='av-catalogue-item av-fn7ru6-fc7325ee578192239bf25f7ccfd68b55' ><div class=\"av-catalogue-item-inner\"><div class=\"av-catalogue-title-container\"><div class='av-catalogue-title'>Bandexa montaditos<\/div><div class='av-catalogue-price'>15\u20ac<\/div><\/div><div class=\"av-catalogue-content\"><\/div><\/div><\/div><\/li>\n<li><div class='av-catalogue-item av-2f8zzi-aeb9873602dc81de2d067ab680de9e35' ><div class=\"av-catalogue-item-inner\"><div class=\"av-catalogue-title-container\"><div class='av-catalogue-title'>Tortilla<\/div><div class='av-catalogue-price'>15\u20ac<\/div><\/div><div class=\"av-catalogue-content\"><\/div><\/div><\/div><\/li>\n<li><div class='av-catalogue-item av-mt86jy-19136196fc8baa5c3e0d17a8592c7db1' ><div class=\"av-catalogue-item-inner\"><div class=\"av-catalogue-title-container\"><div class='av-catalogue-title'>Empanada de at\u00fan<\/div><div class='av-catalogue-price'>15\u20ac<\/div><\/div><div class=\"av-catalogue-content\">\nConsultar outras opci\u00f3ns de empanada<br \/>\n<\/div><\/div><\/div><\/li>\n<li><div class='av-catalogue-item av-l46e6m-90231a8f759a2c0650091463bb565e3b' ><div class=\"av-catalogue-item-inner\"><div class=\"av-catalogue-title-container\"><div class='av-catalogue-title'>Doces variados<\/div><div class='av-catalogue-price'>15\u20ac<\/div><\/div><div class=\"av-catalogue-content\"><\/div><\/div><\/div><\/li>\n<li><div class='av-catalogue-item av-iw1g5q-0625b9b4ab322c7bfbbd770a93725da5' ><div class=\"av-catalogue-item-inner\"><div class=\"av-catalogue-title-container\"><div class='av-catalogue-title'>Canapes de masa follas salgadas<\/div><div class='av-catalogue-price'>15\u20ac<\/div><\/div><div class=\"av-catalogue-content\"><\/div><\/div><\/div><\/li>\n<li><div class='av-catalogue-item av-hkuugu-89e79e5e664890c56f33dc3eb2c302df' ><div class=\"av-catalogue-item-inner\"><div class=\"av-catalogue-title-container\"><div class='av-catalogue-title'>Biscoito de chocolate ou brownie con noces<\/div><div class='av-catalogue-price'>15\u20ac<\/div><\/div><div class=\"av-catalogue-content\"><\/div><\/div><\/div><\/li>\n<\/ul><\/div><\/div>\n<style type=\"text\/css\" data-created_by=\"avia_inline_auto\" id=\"style-css-av-cekqpq-2f37bc36f86a2a30f7bcafd9c865b14f\">\n.flex_column.av-cekqpq-2f37bc36f86a2a30f7bcafd9c865b14f{\nborder-radius:0px 0px 0px 0px;\npadding:0px 0px 0px 0px;\n}\n<\/style>\n<div  class='flex_column av-cekqpq-2f37bc36f86a2a30f7bcafd9c865b14f av_one_fifth  avia-builder-el-7  el_after_av_three_fifth  avia-builder-el-last  flex_column_div av-zero-column-padding  '     ><\/div><\/div><\/div><\/div><!-- close content main div --><\/div><\/div><div id='av_section_3'  class='avia-section av-1ymkry-ba054df188817431517ea3e92e460388 main_color avia-section-default avia-no-shadow  avia-builder-el-8  el_after_av_section  el_before_av_one_third  avia-bg-style-scroll container_wrap sidebar_right'  ><div class='container av-section-cont-open' ><div class='template-page content  av-content-small alpha units'><div class='post-entry post-entry-type-page post-entry-7156'><div class='entry-content-wrapper clearfix'>\n\n<style type=\"text\/css\" data-created_by=\"avia_inline_auto\" id=\"style-css-av-ahxodq-bbfc7cb23157568b8bf862811a380e52\">\n#top .av-special-heading.av-ahxodq-bbfc7cb23157568b8bf862811a380e52{\npadding-bottom:25px;\n}\nbody .av-special-heading.av-ahxodq-bbfc7cb23157568b8bf862811a380e52 .av-special-heading-tag .heading-char{\nfont-size:25px;\n}\n.av-special-heading.av-ahxodq-bbfc7cb23157568b8bf862811a380e52 .av-subheading{\nfont-size:15px;\n}\n<\/style>\n<div  class='av-special-heading av-ahxodq-bbfc7cb23157568b8bf862811a380e52 av-special-heading-h2 blockquote modern-quote modern-centered  avia-builder-el-9  avia-builder-el-no-sibling '><h2 class='av-special-heading-tag '  itemprop=\"headline\"  ><strong>Nosos<\/strong> Combos<\/h2><div class=\"special-heading-border\"><div class=\"special-heading-inner-border\"><\/div><\/div><\/div>\n<\/div><\/div><\/div><!-- close content main div --><\/div><\/div><div id='after_section_3'  class='main_color av_default_container_wrap container_wrap sidebar_right'  ><div class='container av-section-cont-open' ><div class='template-page content  av-content-small alpha units'><div class='post-entry post-entry-type-page post-entry-7156'><div class='entry-content-wrapper clearfix'><\/p>\n\n<style type=\"text\/css\" data-created_by=\"avia_inline_auto\" id=\"style-css-av-z67sbo-806c6f59a670925ba3078c81dc8c444c\">\n.flex_column.av-z67sbo-806c6f59a670925ba3078c81dc8c444c{\nborder-radius:10px 10px 10px 10px;\npadding:10px 10px 10px 10px;\nbackground-color:#e0e0e0;\n}\n<\/style>\n<div  class='flex_column av-z67sbo-806c6f59a670925ba3078c81dc8c444c av_one_third  avia-builder-el-10  el_after_av_section  el_before_av_one_third  avia-builder-el-first  first flex_column_div  '     ><p>\n<style type=\"text\/css\" data-created_by=\"avia_inline_auto\" id=\"style-css-av-ylijmc-cad38dad3f8a1cf4cde8ea96a689b1d5\">\n#top .av-special-heading.av-ylijmc-cad38dad3f8a1cf4cde8ea96a689b1d5{\npadding-bottom:10px;\ncolor:#7bb0e7;\n}\nbody .av-special-heading.av-ylijmc-cad38dad3f8a1cf4cde8ea96a689b1d5 .av-special-heading-tag .heading-char{\nfont-size:25px;\n}\n.av-special-heading.av-ylijmc-cad38dad3f8a1cf4cde8ea96a689b1d5 .special-heading-inner-border{\nborder-color:#7bb0e7;\n}\n.av-special-heading.av-ylijmc-cad38dad3f8a1cf4cde8ea96a689b1d5 .av-subheading{\nfont-size:15px;\n}\n<\/style>\n<div  class='av-special-heading av-ylijmc-cad38dad3f8a1cf4cde8ea96a689b1d5 av-special-heading-h2 custom-color-heading blockquote modern-quote modern-centered  avia-builder-el-11  el_before_av_catalogue  avia-builder-el-first  av-linked-heading'><h2 class='av-special-heading-tag '  itemprop=\"headline\"  >COMBO 10<\/h2><div class=\"special-heading-border\"><div class=\"special-heading-inner-border\"><\/div><\/div><\/div><br \/>\n<div  class='av-catalogue-container av-wusqr8-860540943adc65a74700b48b15055fc8  avia-builder-el-12  el_after_av_heading  el_before_av_textblock '><ul class='av-catalogue-list'>\n<li><div class='av-catalogue-item av-uqf99w-f0743bd5a7a583b92156b3bb45597a25' ><div class=\"av-catalogue-item-inner\"><div class=\"av-catalogue-title-container\"><div class='av-catalogue-title'>Men\u00fa Sandwich: Ata 10 nenos, <small> Festivos 175\u20ac, neno extra 15,50\u20ac<\/small><\/div><div class='av-catalogue-price'>165\u20ac<\/div><\/div><div class=\"av-catalogue-content\"><\/div><\/div><\/div><\/li>\n<li><div class='av-catalogue-item av-sdwzo4-6eb13b4326295316c55a46bea8149157' ><div class=\"av-catalogue-item-inner\"><div class=\"av-catalogue-title-container\"><div class='av-catalogue-title'>Men\u00fa Bocata: Ata 10 nenos, <small> neno extra 15,50\u20ac<\/small><\/div><div class='av-catalogue-price'>175\u20ac<\/div><\/div><div class=\"av-catalogue-content\"><\/div><\/div><\/div><\/li>\n<li><div class='av-catalogue-item av-rfb9zo-1cb18d48204837ce146f0f00d7cc1b91' ><div class=\"av-catalogue-item-inner\"><div class=\"av-catalogue-title-container\"><div class='av-catalogue-title'>Men\u00fa Burguer: Ata 10 nenos, <small> neno extra 16,50\u20ac<\/small><\/div><div class='av-catalogue-price'>185\u20ac<\/div><\/div><div class=\"av-catalogue-content\"><\/div><\/div><\/div><\/li>\n<\/ul><\/div><br \/>\n<section  class='av_textblock_section av-pmhdxg-73815f8b3dc89f8c58a23b9e2771eb13 '   itemscope=\"itemscope\" itemtype=\"https:\/\/schema.org\/CreativeWork\" ><div class='avia_textblock'  itemprop=\"text\" ><p>10 consumici\u00f3ns en cafeter\u00eda (caf\u00e9, infusi\u00f3ns, auga ou refrescos) e 1 bandexa de mini empanadillas ou de doces<\/p>\n<\/div><\/section><\/p><\/div>\n\n<style type=\"text\/css\" data-created_by=\"avia_inline_auto\" id=\"style-css-av-nocyas-758b0a12615033b77787590561e49072\">\n.flex_column.av-nocyas-758b0a12615033b77787590561e49072{\nborder-radius:10px 10px 10px 10px;\npadding:10px 10px 10px 10px;\nbackground-color:#e0e0e0;\n}\n<\/style>\n<div  class='flex_column av-nocyas-758b0a12615033b77787590561e49072 av_one_third  avia-builder-el-14  el_after_av_one_third  el_before_av_one_third  flex_column_div  '     ><p>\n<style type=\"text\/css\" data-created_by=\"avia_inline_auto\" id=\"style-css-av-mpkt50-3ab1c58a7f455eb061de9355b16e44c2\">\n#top .av-special-heading.av-mpkt50-3ab1c58a7f455eb061de9355b16e44c2{\npadding-bottom:10px;\ncolor:#7bb0e7;\n}\nbody .av-special-heading.av-mpkt50-3ab1c58a7f455eb061de9355b16e44c2 .av-special-heading-tag .heading-char{\nfont-size:25px;\n}\n.av-special-heading.av-mpkt50-3ab1c58a7f455eb061de9355b16e44c2 .special-heading-inner-border{\nborder-color:#7bb0e7;\n}\n.av-special-heading.av-mpkt50-3ab1c58a7f455eb061de9355b16e44c2 .av-subheading{\nfont-size:15px;\n}\n<\/style>\n<div  class='av-special-heading av-mpkt50-3ab1c58a7f455eb061de9355b16e44c2 av-special-heading-h2 custom-color-heading blockquote modern-quote modern-centered  avia-builder-el-15  el_before_av_catalogue  avia-builder-el-first  av-linked-heading'><h2 class='av-special-heading-tag '  itemprop=\"headline\"  >COMBO 20<\/h2><div class=\"special-heading-border\"><div class=\"special-heading-inner-border\"><\/div><\/div><\/div><br \/>\n<div  class='av-catalogue-container av-kwu4tg-4c3449d2484dcab53098e3482b6bebdd  avia-builder-el-16  el_after_av_heading  el_before_av_textblock '><ul class='av-catalogue-list'>\n<li><div class='av-catalogue-item av-1vcph0-bc0a2e8a206c1fd5e3ad43acbfe163e3' ><div class=\"av-catalogue-item-inner\"><div class=\"av-catalogue-title-container\"><div class='av-catalogue-title'>Men\u00fa Sandwich: Ata 20 nenos, <small> neno extra 14,50\u20ac<\/small> <small> Festivos 350\u20ac, neno extra 15,50\u20ac<\/small><\/div><div class='av-catalogue-price'>330\u20ac<\/div><\/div><div class=\"av-catalogue-content\"><\/div><\/div><\/div><\/li>\n<li><div class='av-catalogue-item av-gtf7fo-788a25fbd3bc2bc3f2830afffa3c4c38' ><div class=\"av-catalogue-item-inner\"><div class=\"av-catalogue-title-container\"><div class='av-catalogue-title'>Men\u00fa Bocata: Ata 20 nenos, <small> neno extra 15,50\u20ac<\/small><\/div><div class='av-catalogue-price'>350\u20ac<\/div><\/div><div class=\"av-catalogue-content\"><\/div><\/div><\/div><\/li>\n<li><div class='av-catalogue-item av-g4c7pw-56fdf4deee06e2cad531600cef6c60c8' ><div class=\"av-catalogue-item-inner\"><div class=\"av-catalogue-title-container\"><div class='av-catalogue-title'>Men\u00fa Burguer: Ata 20 nenos, <small> neno extra 16,50\u20ac<\/small><\/div><div class='av-catalogue-price'>370\u20ac<\/div><\/div><div class=\"av-catalogue-content\"><\/div><\/div><\/div><\/li>\n<\/ul><\/div><br \/>\n<section  class='av_textblock_section av-1g6d9g-b8a0e96101ffbc1cdc0051ccc16fc550 '   itemscope=\"itemscope\" itemtype=\"https:\/\/schema.org\/CreativeWork\" ><div class='avia_textblock'  itemprop=\"text\" ><p>20 consumici\u00f3ns en cafeter\u00eda (caf\u00e9, infusi\u00f3ns, auga ou refrescos) e 2 bandexas de mini empanadillas ou de doces<\/p>\n<\/div><\/section><\/p><\/div>\n\n<style type=\"text\/css\" data-created_by=\"avia_inline_auto\" id=\"style-css-av-cv1e44-79b970cd08288256338ee545969db618\">\n.flex_column.av-cv1e44-79b970cd08288256338ee545969db618{\nborder-radius:10px 10px 10px 10px;\npadding:10px 10px 10px 10px;\nbackground-color:#e0e0e0;\n}\n<\/style>\n<div  class='flex_column av-cv1e44-79b970cd08288256338ee545969db618 av_one_third  avia-builder-el-18  el_after_av_one_third  avia-builder-el-last  flex_column_div  '     ><p>\n<style type=\"text\/css\" data-created_by=\"avia_inline_auto\" id=\"style-css-av-acmxmc-699c5921843fa7ae64cef228c1aa358f\">\n#top .av-special-heading.av-acmxmc-699c5921843fa7ae64cef228c1aa358f{\npadding-bottom:10px;\ncolor:#7bb0e7;\n}\nbody .av-special-heading.av-acmxmc-699c5921843fa7ae64cef228c1aa358f .av-special-heading-tag .heading-char{\nfont-size:25px;\n}\n.av-special-heading.av-acmxmc-699c5921843fa7ae64cef228c1aa358f .special-heading-inner-border{\nborder-color:#7bb0e7;\n}\n.av-special-heading.av-acmxmc-699c5921843fa7ae64cef228c1aa358f .av-subheading{\nfont-size:15px;\n}\n<\/style>\n<div  class='av-special-heading av-acmxmc-699c5921843fa7ae64cef228c1aa358f av-special-heading-h2 custom-color-heading blockquote modern-quote modern-centered  avia-builder-el-19  el_before_av_catalogue  avia-builder-el-first  av-linked-heading'><h2 class='av-special-heading-tag '  itemprop=\"headline\"  >COMBO 30<\/h2><div class=\"special-heading-border\"><div class=\"special-heading-inner-border\"><\/div><\/div><\/div><br \/>\n<div  class='av-catalogue-container av-92r210-8e2a68d2a482c02fdb9436c2fb4bcef3  avia-builder-el-20  el_after_av_heading  el_before_av_textblock '><ul class='av-catalogue-list'>\n<li><div class='av-catalogue-item av-7hl0is-1cbe1fe5ca84730fac51937cb93fad1d' ><div class=\"av-catalogue-item-inner\"><div class=\"av-catalogue-title-container\"><div class='av-catalogue-title'>Men\u00fa Sandwich: Ata 30 nenos, <small> neno extra 14,50\u20ac<\/small> <small> Festivos 555\u20ac, neno extra 15,50\u20ac<\/small><\/div><div class='av-catalogue-price'>495\u20ac<\/div><\/div><div class=\"av-catalogue-content\"><\/div><\/div><\/div><\/li>\n<li><div class='av-catalogue-item av-5fa484-f171ae4e3073a33597b79a2d16546803' ><div class=\"av-catalogue-item-inner\"><div class=\"av-catalogue-title-container\"><div class='av-catalogue-title'>Men\u00fa Bocata: Ata 30 nenos, <small> neno extra 15,50\u20ac<\/small><\/div><div class='av-catalogue-price'>525\u20ac<\/div><\/div><div class=\"av-catalogue-content\"><\/div><\/div><\/div><\/li>\n<li><div class='av-catalogue-item av-44oazo-4a23d1287e44078f3b1131f80ac12e9e' ><div class=\"av-catalogue-item-inner\"><div class=\"av-catalogue-title-container\"><div class='av-catalogue-title'>Men\u00fa Burguer: Ata 20 nenos, <small> neno extra 16,50\u20ac<\/small><\/div><div class='av-catalogue-price'>559\u20ac<\/div><\/div><div class=\"av-catalogue-content\"><\/div><\/div><\/div><\/li>\n<\/ul><\/div><br \/>\n<section  class='av_textblock_section av-31cu78-530230f9b2d2744bfda1419b77f51dcf '   itemscope=\"itemscope\" itemtype=\"https:\/\/schema.org\/CreativeWork\" ><div class='avia_textblock'  itemprop=\"text\" ><p>30 consumici\u00f3ns en cafeter\u00eda (caf\u00e9, infusi\u00f3ns, auga ou refrescos) e 3 bandexas de mini empanadillas ou de doces<\/p>\n<\/div><\/section><\/p><\/div>\n","protected":false},"excerpt":{"rendered":"","protected":false},"author":1,"featured_media":0,"parent":0,"menu_order":0,"comment_status":"closed","ping_status":"closed","template":"","meta":{"footnotes":""},"class_list":["post-7156","page","type-page","status-publish","hentry"],"yoast_head":"<!-- This site is optimized with the Yoast SEO plugin v27.5 - https:\/\/yoast.com\/product\/yoast-seo-wordpress\/ -->\n<title>Menu Nais e Pais - Planeta Maxico<\/title>\n<meta name=\"description\" content=\"Mentras os teus rapaces se divirten, fai a tua espera m\u00e1is f\u00e1cil co noso variado e sano menu para nais e pais\" \/>\n<meta name=\"robots\" content=\"index, follow, max-snippet:-1, max-image-preview:large, max-video-preview:-1\" \/>\n<link rel=\"canonical\" href=\"https:\/\/www.planetamaxico.com\/gl\/menu-nais-e-pais\/\" \/>\n<meta property=\"og:locale\" content=\"gl_ES\" \/>\n<meta property=\"og:type\" content=\"article\" \/>\n<meta property=\"og:title\" content=\"Menu Nais e Pais - Planeta Maxico\" \/>\n<meta property=\"og:description\" content=\"Mentras os teus rapaces se divirten, fai a tua espera m\u00e1is f\u00e1cil co noso variado e sano menu para nais e pais\" \/>\n<meta property=\"og:url\" content=\"https:\/\/www.planetamaxico.com\/gl\/menu-nais-e-pais\/\" \/>\n<meta property=\"og:site_name\" content=\"Planeta Maxico\" \/>\n<meta property=\"article:modified_time\" content=\"2026-04-28T18:44:13+00:00\" \/>\n<meta name=\"twitter:card\" content=\"summary_large_image\" \/>\n<meta name=\"twitter:label1\" content=\"Tempo de lectura\" \/>\n\t<meta name=\"twitter:data1\" content=\"1 minuto\" \/>\n<script type=\"application\/ld+json\" class=\"yoast-schema-graph\">{\"@context\":\"https:\\\/\\\/schema.org\",\"@graph\":[{\"@type\":\"WebPage\",\"@id\":\"https:\\\/\\\/www.planetamaxico.com\\\/gl\\\/menu-nais-e-pais\\\/\",\"url\":\"https:\\\/\\\/www.planetamaxico.com\\\/gl\\\/menu-nais-e-pais\\\/\",\"name\":\"Menu Nais e Pais - Planeta Maxico\",\"isPartOf\":{\"@id\":\"https:\\\/\\\/www.planetamaxico.com\\\/#website\"},\"datePublished\":\"2025-11-30T23:01:44+00:00\",\"dateModified\":\"2026-04-28T18:44:13+00:00\",\"description\":\"Mentras os teus rapaces se divirten, fai a tua espera m\u00e1is f\u00e1cil co noso variado e sano menu para nais e pais\",\"breadcrumb\":{\"@id\":\"https:\\\/\\\/www.planetamaxico.com\\\/gl\\\/menu-nais-e-pais\\\/#breadcrumb\"},\"inLanguage\":\"gl-ES\",\"potentialAction\":[{\"@type\":\"ReadAction\",\"target\":[\"https:\\\/\\\/www.planetamaxico.com\\\/gl\\\/menu-nais-e-pais\\\/\"]}]},{\"@type\":\"BreadcrumbList\",\"@id\":\"https:\\\/\\\/www.planetamaxico.com\\\/gl\\\/menu-nais-e-pais\\\/#breadcrumb\",\"itemListElement\":[{\"@type\":\"ListItem\",\"position\":1,\"name\":\"Inicio\",\"item\":\"https:\\\/\\\/www.planetamaxico.com\\\/inicio\\\/\"},{\"@type\":\"ListItem\",\"position\":2,\"name\":\"Menu Nais e Pais\"}]},{\"@type\":\"WebSite\",\"@id\":\"https:\\\/\\\/www.planetamaxico.com\\\/#website\",\"url\":\"https:\\\/\\\/www.planetamaxico.com\\\/\",\"name\":\"Planeta Maxico\",\"description\":\"Planeta Maxico\",\"potentialAction\":[{\"@type\":\"SearchAction\",\"target\":{\"@type\":\"EntryPoint\",\"urlTemplate\":\"https:\\\/\\\/www.planetamaxico.com\\\/?s={search_term_string}\"},\"query-input\":{\"@type\":\"PropertyValueSpecification\",\"valueRequired\":true,\"valueName\":\"search_term_string\"}}],\"inLanguage\":\"gl-ES\"}]}<\/script>\n<!-- \/ Yoast SEO plugin. -->","yoast_head_json":{"title":"Menu Nais e Pais - Planeta Maxico","description":"Mentras os teus rapaces se divirten, fai a tua espera m\u00e1is f\u00e1cil co noso variado e sano menu para nais e pais","robots":{"index":"index","follow":"follow","max-snippet":"max-snippet:-1","max-image-preview":"max-image-preview:large","max-video-preview":"max-video-preview:-1"},"canonical":"https:\/\/www.planetamaxico.com\/gl\/menu-nais-e-pais\/","og_locale":"gl_ES","og_type":"article","og_title":"Menu Nais e Pais - Planeta Maxico","og_description":"Mentras os teus rapaces se divirten, fai a tua espera m\u00e1is f\u00e1cil co noso variado e sano menu para nais e pais","og_url":"https:\/\/www.planetamaxico.com\/gl\/menu-nais-e-pais\/","og_site_name":"Planeta Maxico","article_modified_time":"2026-04-28T18:44:13+00:00","twitter_card":"summary_large_image","twitter_misc":{"Tempo de lectura":"1 minuto"},"schema":{"@context":"https:\/\/schema.org","@graph":[{"@type":"WebPage","@id":"https:\/\/www.planetamaxico.com\/gl\/menu-nais-e-pais\/","url":"https:\/\/www.planetamaxico.com\/gl\/menu-nais-e-pais\/","name":"Menu Nais e Pais - Planeta Maxico","isPartOf":{"@id":"https:\/\/www.planetamaxico.com\/#website"},"datePublished":"2025-11-30T23:01:44+00:00","dateModified":"2026-04-28T18:44:13+00:00","description":"Mentras os teus rapaces se divirten, fai a tua espera m\u00e1is f\u00e1cil co noso variado e sano menu para nais e pais","breadcrumb":{"@id":"https:\/\/www.planetamaxico.com\/gl\/menu-nais-e-pais\/#breadcrumb"},"inLanguage":"gl-ES","potentialAction":[{"@type":"ReadAction","target":["https:\/\/www.planetamaxico.com\/gl\/menu-nais-e-pais\/"]}]},{"@type":"BreadcrumbList","@id":"https:\/\/www.planetamaxico.com\/gl\/menu-nais-e-pais\/#breadcrumb","itemListElement":[{"@type":"ListItem","position":1,"name":"Inicio","item":"https:\/\/www.planetamaxico.com\/inicio\/"},{"@type":"ListItem","position":2,"name":"Menu Nais e Pais"}]},{"@type":"WebSite","@id":"https:\/\/www.planetamaxico.com\/#website","url":"https:\/\/www.planetamaxico.com\/","name":"Planeta Maxico","description":"Planeta Maxico","potentialAction":[{"@type":"SearchAction","target":{"@type":"EntryPoint","urlTemplate":"https:\/\/www.planetamaxico.com\/?s={search_term_string}"},"query-input":{"@type":"PropertyValueSpecification","valueRequired":true,"valueName":"search_term_string"}}],"inLanguage":"gl-ES"}]}},"jetpack_sharing_enabled":true,"_links":{"self":[{"href":"https:\/\/www.planetamaxico.com\/gl\/wp-json\/wp\/v2\/pages\/7156","targetHints":{"allow":["GET"]}}],"collection":[{"href":"https:\/\/www.planetamaxico.com\/gl\/wp-json\/wp\/v2\/pages"}],"about":[{"href":"https:\/\/www.planetamaxico.com\/gl\/wp-json\/wp\/v2\/types\/page"}],"author":[{"embeddable":true,"href":"https:\/\/www.planetamaxico.com\/gl\/wp-json\/wp\/v2\/users\/1"}],"replies":[{"embeddable":true,"href":"https:\/\/www.planetamaxico.com\/gl\/wp-json\/wp\/v2\/comments?post=7156"}],"version-history":[{"count":22,"href":"https:\/\/www.planetamaxico.com\/gl\/wp-json\/wp\/v2\/pages\/7156\/revisions"}],"predecessor-version":[{"id":7263,"href":"https:\/\/www.planetamaxico.com\/gl\/wp-json\/wp\/v2\/pages\/7156\/revisions\/7263"}],"wp:attachment":[{"href":"https:\/\/www.planetamaxico.com\/gl\/wp-json\/wp\/v2\/media?parent=7156"}],"curies":[{"name":"wp","href":"https:\/\/api.w.org\/{rel}","templated":true}]}}